{"id":1992,"date":"2024-04-08T18:49:08","date_gmt":"2024-04-08T16:49:08","guid":{"rendered":"https:\/\/www.franckdion.net\/voim2020\/?page_id=1992"},"modified":"2024-05-05T15:47:33","modified_gmt":"2024-05-05T13:47:33","slug":"edmond-etait-un-ane","status":"publish","type":"page","link":"https:\/\/www.franckdion.net\/voim2020\/edmond-etait-un-ane\/","title":{"rendered":"Edmond \u00e9tait un \u00e2ne"},"content":{"rendered":"\t\t<div data-elementor-type=\"wp-page\" data-elementor-id=\"1992\" class=\"elementor elementor-1992\" data-elementor-post-type=\"page\">\n\t\t\t\t\t\t<section class=\"elementor-section elementor-top-section elementor-element elementor-element-6b42275 elementor-section-boxed elementor-section-height-default elementor-section-height-default\" data-id=\"6b42275\" data-element_type=\"section\">\n\t\t\t\t\t\t<div class=\"elementor-container elementor-column-gap-default\">\n\t\t\t\t\t<div class=\"elementor-column elementor-col-100 elementor-top-column elementor-element elementor-element-9b5ff10\" data-id=\"9b5ff10\" data-element_type=\"column\">\n\t\t\t<div class=\"elementor-widget-wrap elementor-element-populated\">\n\t\t\t\t\t\t<div class=\"elementor-element elementor-element-959672c elementor-widget-divider--view-line elementor-widget elementor-widget-divider\" data-id=\"959672c\" data-element_type=\"widget\" data-widget_type=\"divider.default\">\n\t\t\t\t<div class=\"elementor-widget-container\">\n\t\t\t\t\t<div class=\"elementor-divider\">\n\t\t\t<span class=\"elementor-divider-separator\">\n\t\t\t\t\t\t<\/span>\n\t\t<\/div>\n\t\t\t\t<\/div>\n\t\t\t\t<\/div>\n\t\t\t\t<div class=\"elementor-element elementor-element-dcc11fe elementor-widget elementor-widget-heading\" data-id=\"dcc11fe\" data-element_type=\"widget\" data-widget_type=\"heading.default\">\n\t\t\t\t<div class=\"elementor-widget-container\">\n\t\t\t<h4 class=\"elementor-heading-title elementor-size-default\">Edmond \u00e9tait un \u00e2ne \/ Edmond was a donkey<\/h4>\t\t<\/div>\n\t\t\t\t<\/div>\n\t\t\t\t<div class=\"elementor-element elementor-element-b5801e8 elementor-widget-divider--view-line elementor-widget elementor-widget-divider\" data-id=\"b5801e8\" data-element_type=\"widget\" data-widget_type=\"divider.default\">\n\t\t\t\t<div class=\"elementor-widget-container\">\n\t\t\t\t\t<div class=\"elementor-divider\">\n\t\t\t<span class=\"elementor-divider-separator\">\n\t\t\t\t\t\t<\/span>\n\t\t<\/div>\n\t\t\t\t<\/div>\n\t\t\t\t<\/div>\n\t\t\t\t\t<\/div>\n\t\t<\/div>\n\t\t\t\t\t<\/div>\n\t\t<\/section>\n\t\t\t\t<section class=\"elementor-section elementor-top-section elementor-element elementor-element-4c42b45 elementor-section-boxed elementor-section-height-default elementor-section-height-default\" data-id=\"4c42b45\" data-element_type=\"section\">\n\t\t\t\t\t\t<div class=\"elementor-container elementor-column-gap-default\">\n\t\t\t\t\t<div class=\"elementor-column elementor-col-100 elementor-top-column elementor-element elementor-element-96e90cb\" data-id=\"96e90cb\" data-element_type=\"column\">\n\t\t\t<div class=\"elementor-widget-wrap elementor-element-populated\">\n\t\t\t\t\t\t<section class=\"elementor-section elementor-inner-section elementor-element elementor-element-699a5b6 elementor-section-boxed elementor-section-height-default elementor-section-height-default\" data-id=\"699a5b6\" data-element_type=\"section\">\n\t\t\t\t\t\t<div class=\"elementor-container elementor-column-gap-default\">\n\t\t\t\t\t<div class=\"elementor-column elementor-col-50 elementor-inner-column elementor-element elementor-element-2713a5b\" data-id=\"2713a5b\" data-element_type=\"column\">\n\t\t\t<div class=\"elementor-widget-wrap elementor-element-populated\">\n\t\t\t\t\t\t<div class=\"elementor-element elementor-element-328a88f elementor-widget elementor-widget-image\" data-id=\"328a88f\" data-element_type=\"widget\" data-widget_type=\"image.default\">\n\t\t\t\t<div class=\"elementor-widget-container\">\n\t\t\t\t\t\t\t\t\t\t\t\t\t<img decoding=\"async\" src=\"https:\/\/www.franckdion.net\/voim2020\/wp-content\/uploads\/2021\/01\/edmond_poster.jpg\" title=\"edmond_poster\" alt=\"edmond_poster\" loading=\"lazy\" \/>\t\t\t\t\t\t\t\t\t\t\t\t\t<\/div>\n\t\t\t\t<\/div>\n\t\t\t\t\t<\/div>\n\t\t<\/div>\n\t\t\t\t<div class=\"elementor-column elementor-col-50 elementor-inner-column elementor-element elementor-element-108d880\" data-id=\"108d880\" data-element_type=\"column\">\n\t\t\t<div class=\"elementor-widget-wrap elementor-element-populated\">\n\t\t\t\t\t\t<div class=\"elementor-element elementor-element-9842a37 elementor-drop-cap-yes elementor-drop-cap-view-default elementor-widget elementor-widget-text-editor\" data-id=\"9842a37\" data-element_type=\"widget\" data-settings=\"{&quot;drop_cap&quot;:&quot;yes&quot;}\" data-widget_type=\"text-editor.default\">\n\t\t\t\t<div class=\"elementor-widget-container\">\n\t\t\t\t\t\t\t<p>Petit homme discret, mari\u00e9 \u00e0 une femme attentionn\u00e9e, Edmond est un employ\u00e9 efficace. Lorsque des coll\u00e8gues, par moquerie, l\u2019affublent d\u2019un bonnet d\u2019\u00e2ne, il a soudainement la r\u00e9v\u00e9lation de sa vraie nature<\/p><p>Voir le film : en <a href=\"https:\/\/vimeo.com\/392458208\" target=\"_blank\" rel=\"noopener\">version Fran\u00e7aise<\/a> \/ <a href=\"https:\/\/vimeo.com\/97122568\" target=\"_blank\" rel=\"noopener\">en version Anglaise<\/a><\/p><p>2012 \/ 15 minutes \/ Papy3d productions &#8211; ONF\/NFB &#8211; ARTE France &#8211; CNC<\/p><p>Sortie en juin 2012, le film a obtenu de nombreuses distinctions parmi lesquelles le prix sp\u00e9cial du jury au festival d&rsquo;Annecy 2012, le prix du meilleur film Canadien au Worldwide short film festival de Toronto, le prix du meilleur film international au Shortshorts film festival de Tokyo ainsi qu&rsquo;une nomination aux C\u00e9sars du meilleur film d&rsquo;animation.<\/p>\t\t\t\t\t\t<\/div>\n\t\t\t\t<\/div>\n\t\t\t\t\t<\/div>\n\t\t<\/div>\n\t\t\t\t\t<\/div>\n\t\t<\/section>\n\t\t\t\t\t<\/div>\n\t\t<\/div>\n\t\t\t\t\t<\/div>\n\t\t<\/section>\n\t\t\t\t<section class=\"elementor-section elementor-top-section elementor-element elementor-element-8a5bf50 elementor-section-boxed elementor-section-height-default elementor-section-height-default\" data-id=\"8a5bf50\" data-element_type=\"section\">\n\t\t\t\t\t\t<div class=\"elementor-container elementor-column-gap-default\">\n\t\t\t\t\t<div class=\"elementor-column elementor-col-100 elementor-top-column elementor-element elementor-element-2671e26\" data-id=\"2671e26\" data-element_type=\"column\">\n\t\t\t<div class=\"elementor-widget-wrap elementor-element-populated\">\n\t\t\t\t\t\t<div class=\"elementor-element elementor-element-59d469e elementor-widget elementor-widget-text-editor\" data-id=\"59d469e\" data-element_type=\"widget\" data-widget_type=\"text-editor.default\">\n\t\t\t\t<div class=\"elementor-widget-container\">\n\t\t\t\t\t\t\t<p>Comment peut-on vivre son existence dans la peau d\u2019un autre ? C\u2019est de ce sentiment d\u2019usurpation, de cruelle anomalie de la nature dont je souhaite parler avec ce film. Mais aussi du malaise qu\u2019une telle probl\u00e9matique peut engendrer chez les gens dits \u00ab normaux\u00bb. Dans le cas d\u2019Edmond, la victime de cette anomalie devient le pers\u00e9cuteur involontaire d\u2019un entourage plut\u00f4t bienveillant. Les agissements apparemment path\u00e9tiques de ce personnage qui se prend pour un \u00e2ne, r\u00e9pondent \u00e0 une m\u00e9canique myst\u00e9rieuse, connue de lui seul. D\u2019o\u00f9 la profonde incompr\u00e9hension que cela provoque dans son entourage ainsi que l\u2019impuissance \u00e0 l\u2019extirper de son apparente folie. Cette histoire raconte le drame intime et grotesque d\u2019un personnage qui tente de faire valoir sa v\u00e9ritable identit\u00e9 aupr\u00e8s d\u2019une humanit\u00e9 qui la lui refuse. C\u2019est une r\u00e9flexion sur le th\u00e8me de l\u2019identit\u00e9 telle que nous la vivons de l\u2019int\u00e9rieur et telle que les autres la per\u00e7oivent. C\u2019est \u00e9galement un hommage \u00e0 ceux qui ne se sentent pas \u00eatre n\u00e9 dans la \u00ab bonne peau \u00bb.<\/p><p>Franck Dion<\/p>\t\t\t\t\t\t<\/div>\n\t\t\t\t<\/div>\n\t\t\t\t\t<\/div>\n\t\t<\/div>\n\t\t\t\t\t<\/div>\n\t\t<\/section>\n\t\t\t\t<section class=\"elementor-section elementor-top-section elementor-element elementor-element-ddfdb11 elementor-section-boxed elementor-section-height-default elementor-section-height-default\" data-id=\"ddfdb11\" data-element_type=\"section\">\n\t\t\t\t\t\t<div class=\"elementor-container elementor-column-gap-default\">\n\t\t\t\t\t<div class=\"elementor-column elementor-col-100 elementor-top-column elementor-element elementor-element-a569557\" data-id=\"a569557\" data-element_type=\"column\">\n\t\t\t<div class=\"elementor-widget-wrap elementor-element-populated\">\n\t\t\t\t\t\t<div class=\"elementor-element elementor-element-030302f elementor-widget elementor-widget-video\" data-id=\"030302f\" data-element_type=\"widget\" data-settings=\"{&quot;video_type&quot;:&quot;vimeo&quot;}\" data-widget_type=\"video.default\">\n\t\t\t\t<div class=\"elementor-widget-container\">\n\t\t\t\t\t<div class=\"elementor-wrapper elementor-open-inline\">\n\t\t\t<iframe class=\"elementor-video-iframe\" allowfullscreen allow=\"clipboard-write\" title=\"Lecteur vid\u00e9o vimeo\" src=\"https:\/\/player.vimeo.com\/video\/58918697?color&amp;autopause=0&amp;loop=0&amp;muted=0&amp;title=0&amp;portrait=1&amp;byline=1#t=\"><\/iframe>\t\t<\/div>\n\t\t\t\t<\/div>\n\t\t\t\t<\/div>\n\t\t\t\t\t<\/div>\n\t\t<\/div>\n\t\t\t\t\t<\/div>\n\t\t<\/section>\n\t\t\t\t<\/div>\n\t\t","protected":false},"excerpt":{"rendered":"<p>Edmond \u00e9tait un \u00e2ne \/ Edmond was a donkey Petit homme discret, mari\u00e9 \u00e0 une femme attentionn\u00e9e, Edmond est un employ\u00e9 efficace. Lorsque des coll\u00e8gues, par moquerie, l\u2019affublent d\u2019un bonnet d\u2019\u00e2ne, il a soudainement la r\u00e9v\u00e9lation de sa vraie nature Voir le film : en version Fran\u00e7aise \/ en version Anglaise 2012 \/ 15 minutes [&hellip;]<\/p>\n","protected":false},"author":1,"featured_media":0,"parent":0,"menu_order":0,"comment_status":"closed","ping_status":"closed","template":"","meta":{"footnotes":""},"class_list":["post-1992","page","type-page","status-publish","hentry"],"yoast_head":"<!-- This site is optimized with the Yoast SEO plugin v22.4 - https:\/\/yoast.com\/wordpress\/plugins\/seo\/ -->\n<title>Edmond \u00e9tait un \u00e2ne - Les voyages imaginaires de Franck Dion<\/title>\n<meta name=\"robots\" content=\"index, follow, max-snippet:-1, max-image-preview:large, max-video-preview:-1\" \/>\n<link rel=\"canonical\" href=\"https:\/\/www.franckdion.net\/voim2020\/edmond-etait-un-ane\/\" \/>\n<meta property=\"og:locale\" content=\"fr_FR\" \/>\n<meta property=\"og:type\" content=\"article\" \/>\n<meta property=\"og:title\" content=\"Edmond \u00e9tait un \u00e2ne - Les voyages imaginaires de Franck Dion\" \/>\n<meta property=\"og:description\" content=\"Edmond \u00e9tait un \u00e2ne \/ Edmond was a donkey Petit homme discret, mari\u00e9 \u00e0 une femme attentionn\u00e9e, Edmond est un employ\u00e9 efficace. Lorsque des coll\u00e8gues, par moquerie, l\u2019affublent d\u2019un bonnet d\u2019\u00e2ne, il a soudainement la r\u00e9v\u00e9lation de sa vraie nature Voir le film : en version Fran\u00e7aise \/ en version Anglaise 2012 \/ 15 minutes [&hellip;]\" \/>\n<meta property=\"og:url\" content=\"https:\/\/www.franckdion.net\/voim2020\/edmond-etait-un-ane\/\" \/>\n<meta property=\"og:site_name\" content=\"Les voyages imaginaires de Franck Dion\" \/>\n<meta property=\"article:publisher\" content=\"https:\/\/www.facebook.com\/voimfranckdion\" \/>\n<meta property=\"article:modified_time\" content=\"2024-05-05T13:47:33+00:00\" \/>\n<meta property=\"og:image\" content=\"http:\/\/www.franckdion.net\/voim2020\/wp-content\/uploads\/elementor\/thumbs\/edmond_poster-p1x9kncamcc9ovmzdt5qmmtzozp4n976dy7ovpktmq.jpg\" \/>\n<meta name=\"twitter:card\" content=\"summary_large_image\" \/>\n<meta name=\"twitter:label1\" content=\"Dur\u00e9e de lecture estim\u00e9e\" \/>\n\t<meta name=\"twitter:data1\" content=\"2 minutes\" \/>\n<script type=\"application\/ld+json\" class=\"yoast-schema-graph\">{\"@context\":\"https:\/\/schema.org\",\"@graph\":[{\"@type\":\"WebPage\",\"@id\":\"https:\/\/www.franckdion.net\/voim2020\/edmond-etait-un-ane\/\",\"url\":\"https:\/\/www.franckdion.net\/voim2020\/edmond-etait-un-ane\/\",\"name\":\"Edmond \u00e9tait un \u00e2ne - Les voyages imaginaires de Franck Dion\",\"isPartOf\":{\"@id\":\"https:\/\/www.franckdion.net\/voim2020\/#website\"},\"primaryImageOfPage\":{\"@id\":\"https:\/\/www.franckdion.net\/voim2020\/edmond-etait-un-ane\/#primaryimage\"},\"image\":{\"@id\":\"https:\/\/www.franckdion.net\/voim2020\/edmond-etait-un-ane\/#primaryimage\"},\"thumbnailUrl\":\"http:\/\/www.franckdion.net\/voim2020\/wp-content\/uploads\/elementor\/thumbs\/edmond_poster-p1x9kncamcc9ovmzdt5qmmtzozp4n976dy7ovpktmq.jpg\",\"datePublished\":\"2024-04-08T16:49:08+00:00\",\"dateModified\":\"2024-05-05T13:47:33+00:00\",\"breadcrumb\":{\"@id\":\"https:\/\/www.franckdion.net\/voim2020\/edmond-etait-un-ane\/#breadcrumb\"},\"inLanguage\":\"fr-FR\",\"potentialAction\":[{\"@type\":\"ReadAction\",\"target\":[\"https:\/\/www.franckdion.net\/voim2020\/edmond-etait-un-ane\/\"]}]},{\"@type\":\"ImageObject\",\"inLanguage\":\"fr-FR\",\"@id\":\"https:\/\/www.franckdion.net\/voim2020\/edmond-etait-un-ane\/#primaryimage\",\"url\":\"http:\/\/www.franckdion.net\/voim2020\/wp-content\/uploads\/elementor\/thumbs\/edmond_poster-p1x9kncamcc9ovmzdt5qmmtzozp4n976dy7ovpktmq.jpg\",\"contentUrl\":\"http:\/\/www.franckdion.net\/voim2020\/wp-content\/uploads\/elementor\/thumbs\/edmond_poster-p1x9kncamcc9ovmzdt5qmmtzozp4n976dy7ovpktmq.jpg\"},{\"@type\":\"BreadcrumbList\",\"@id\":\"https:\/\/www.franckdion.net\/voim2020\/edmond-etait-un-ane\/#breadcrumb\",\"itemListElement\":[{\"@type\":\"ListItem\",\"position\":1,\"name\":\"Accueil\",\"item\":\"https:\/\/www.franckdion.net\/voim2020\/\"},{\"@type\":\"ListItem\",\"position\":2,\"name\":\"Edmond \u00e9tait un \u00e2ne\"}]},{\"@type\":\"WebSite\",\"@id\":\"https:\/\/www.franckdion.net\/voim2020\/#website\",\"url\":\"https:\/\/www.franckdion.net\/voim2020\/\",\"name\":\"Les voyages imaginaires de Franck Dion\",\"description\":\"R\u00e9alisateur, Illustrateur, Touriste immobile\",\"potentialAction\":[{\"@type\":\"SearchAction\",\"target\":{\"@type\":\"EntryPoint\",\"urlTemplate\":\"https:\/\/www.franckdion.net\/voim2020\/?s={search_term_string}\"},\"query-input\":\"required name=search_term_string\"}],\"inLanguage\":\"fr-FR\"}]}<\/script>\n<!-- \/ Yoast SEO plugin. -->","yoast_head_json":{"title":"Edmond \u00e9tait un \u00e2ne - Les voyages imaginaires de Franck Dion","robots":{"index":"index","follow":"follow","max-snippet":"max-snippet:-1","max-image-preview":"max-image-preview:large","max-video-preview":"max-video-preview:-1"},"canonical":"https:\/\/www.franckdion.net\/voim2020\/edmond-etait-un-ane\/","og_locale":"fr_FR","og_type":"article","og_title":"Edmond \u00e9tait un \u00e2ne - Les voyages imaginaires de Franck Dion","og_description":"Edmond \u00e9tait un \u00e2ne \/ Edmond was a donkey Petit homme discret, mari\u00e9 \u00e0 une femme attentionn\u00e9e, Edmond est un employ\u00e9 efficace. Lorsque des coll\u00e8gues, par moquerie, l\u2019affublent d\u2019un bonnet d\u2019\u00e2ne, il a soudainement la r\u00e9v\u00e9lation de sa vraie nature Voir le film : en version Fran\u00e7aise \/ en version Anglaise 2012 \/ 15 minutes [&hellip;]","og_url":"https:\/\/www.franckdion.net\/voim2020\/edmond-etait-un-ane\/","og_site_name":"Les voyages imaginaires de Franck Dion","article_publisher":"https:\/\/www.facebook.com\/voimfranckdion","article_modified_time":"2024-05-05T13:47:33+00:00","og_image":[{"url":"http:\/\/www.franckdion.net\/voim2020\/wp-content\/uploads\/elementor\/thumbs\/edmond_poster-p1x9kncamcc9ovmzdt5qmmtzozp4n976dy7ovpktmq.jpg"}],"twitter_card":"summary_large_image","twitter_misc":{"Dur\u00e9e de lecture estim\u00e9e":"2 minutes"},"schema":{"@context":"https:\/\/schema.org","@graph":[{"@type":"WebPage","@id":"https:\/\/www.franckdion.net\/voim2020\/edmond-etait-un-ane\/","url":"https:\/\/www.franckdion.net\/voim2020\/edmond-etait-un-ane\/","name":"Edmond \u00e9tait un \u00e2ne - Les voyages imaginaires de Franck Dion","isPartOf":{"@id":"https:\/\/www.franckdion.net\/voim2020\/#website"},"primaryImageOfPage":{"@id":"https:\/\/www.franckdion.net\/voim2020\/edmond-etait-un-ane\/#primaryimage"},"image":{"@id":"https:\/\/www.franckdion.net\/voim2020\/edmond-etait-un-ane\/#primaryimage"},"thumbnailUrl":"http:\/\/www.franckdion.net\/voim2020\/wp-content\/uploads\/elementor\/thumbs\/edmond_poster-p1x9kncamcc9ovmzdt5qmmtzozp4n976dy7ovpktmq.jpg","datePublished":"2024-04-08T16:49:08+00:00","dateModified":"2024-05-05T13:47:33+00:00","breadcrumb":{"@id":"https:\/\/www.franckdion.net\/voim2020\/edmond-etait-un-ane\/#breadcrumb"},"inLanguage":"fr-FR","potentialAction":[{"@type":"ReadAction","target":["https:\/\/www.franckdion.net\/voim2020\/edmond-etait-un-ane\/"]}]},{"@type":"ImageObject","inLanguage":"fr-FR","@id":"https:\/\/www.franckdion.net\/voim2020\/edmond-etait-un-ane\/#primaryimage","url":"http:\/\/www.franckdion.net\/voim2020\/wp-content\/uploads\/elementor\/thumbs\/edmond_poster-p1x9kncamcc9ovmzdt5qmmtzozp4n976dy7ovpktmq.jpg","contentUrl":"http:\/\/www.franckdion.net\/voim2020\/wp-content\/uploads\/elementor\/thumbs\/edmond_poster-p1x9kncamcc9ovmzdt5qmmtzozp4n976dy7ovpktmq.jpg"},{"@type":"BreadcrumbList","@id":"https:\/\/www.franckdion.net\/voim2020\/edmond-etait-un-ane\/#breadcrumb","itemListElement":[{"@type":"ListItem","position":1,"name":"Accueil","item":"https:\/\/www.franckdion.net\/voim2020\/"},{"@type":"ListItem","position":2,"name":"Edmond \u00e9tait un \u00e2ne"}]},{"@type":"WebSite","@id":"https:\/\/www.franckdion.net\/voim2020\/#website","url":"https:\/\/www.franckdion.net\/voim2020\/","name":"Les voyages imaginaires de Franck Dion","description":"R\u00e9alisateur, Illustrateur, Touriste immobile","potentialAction":[{"@type":"SearchAction","target":{"@type":"EntryPoint","urlTemplate":"https:\/\/www.franckdion.net\/voim2020\/?s={search_term_string}"},"query-input":"required name=search_term_string"}],"inLanguage":"fr-FR"}]}},"_links":{"self":[{"href":"https:\/\/www.franckdion.net\/voim2020\/wp-json\/wp\/v2\/pages\/1992","targetHints":{"allow":["GET"]}}],"collection":[{"href":"https:\/\/www.franckdion.net\/voim2020\/wp-json\/wp\/v2\/pages"}],"about":[{"href":"https:\/\/www.franckdion.net\/voim2020\/wp-json\/wp\/v2\/types\/page"}],"author":[{"embeddable":true,"href":"https:\/\/www.franckdion.net\/voim2020\/wp-json\/wp\/v2\/users\/1"}],"replies":[{"embeddable":true,"href":"https:\/\/www.franckdion.net\/voim2020\/wp-json\/wp\/v2\/comments?post=1992"}],"version-history":[{"count":21,"href":"https:\/\/www.franckdion.net\/voim2020\/wp-json\/wp\/v2\/pages\/1992\/revisions"}],"predecessor-version":[{"id":2155,"href":"https:\/\/www.franckdion.net\/voim2020\/wp-json\/wp\/v2\/pages\/1992\/revisions\/2155"}],"wp:attachment":[{"href":"https:\/\/www.franckdion.net\/voim2020\/wp-json\/wp\/v2\/media?parent=1992"}],"curies":[{"name":"wp","href":"https:\/\/api.w.org\/{rel}","templated":true}]}}