{"id":2045,"date":"2024-05-05T13:54:45","date_gmt":"2024-05-05T11:54:45","guid":{"rendered":"https:\/\/www.franckdion.net\/voim2020\/?page_id=2045"},"modified":"2024-05-05T15:48:30","modified_gmt":"2024-05-05T13:48:30","slug":"sous-la-peau-lecorce","status":"publish","type":"page","link":"https:\/\/www.franckdion.net\/voim2020\/sous-la-peau-lecorce\/","title":{"rendered":"Sous la peau, l&rsquo;\u00e9corce"},"content":{"rendered":"\t\t<div data-elementor-type=\"wp-page\" data-elementor-id=\"2045\" class=\"elementor elementor-2045\" data-elementor-post-type=\"page\">\n\t\t\t\t\t\t<section class=\"elementor-section elementor-top-section elementor-element elementor-element-f32a5ec elementor-section-boxed elementor-section-height-default elementor-section-height-default\" data-id=\"f32a5ec\" data-element_type=\"section\">\n\t\t\t\t\t\t<div class=\"elementor-container elementor-column-gap-default\">\n\t\t\t\t\t<div class=\"elementor-column elementor-col-100 elementor-top-column elementor-element elementor-element-c7bf7bb\" data-id=\"c7bf7bb\" data-element_type=\"column\">\n\t\t\t<div class=\"elementor-widget-wrap elementor-element-populated\">\n\t\t\t\t\t\t<div class=\"elementor-element elementor-element-6e5ce2b elementor-widget-divider--view-line elementor-widget elementor-widget-divider\" data-id=\"6e5ce2b\" data-element_type=\"widget\" data-widget_type=\"divider.default\">\n\t\t\t\t<div class=\"elementor-widget-container\">\n\t\t\t\t\t<div class=\"elementor-divider\">\n\t\t\t<span class=\"elementor-divider-separator\">\n\t\t\t\t\t\t<\/span>\n\t\t<\/div>\n\t\t\t\t<\/div>\n\t\t\t\t<\/div>\n\t\t\t\t<div class=\"elementor-element elementor-element-bb066a2 elementor-widget elementor-widget-heading\" data-id=\"bb066a2\" data-element_type=\"widget\" data-widget_type=\"heading.default\">\n\t\t\t\t<div class=\"elementor-widget-container\">\n\t\t\t<h4 class=\"elementor-heading-title elementor-size-default\">Sous le peau, l'\u00e9corce \/ under the skin, the bark<\/h4>\t\t<\/div>\n\t\t\t\t<\/div>\n\t\t\t\t<div class=\"elementor-element elementor-element-3ca891d elementor-widget-divider--view-line elementor-widget elementor-widget-divider\" data-id=\"3ca891d\" data-element_type=\"widget\" data-widget_type=\"divider.default\">\n\t\t\t\t<div class=\"elementor-widget-container\">\n\t\t\t\t\t<div class=\"elementor-divider\">\n\t\t\t<span class=\"elementor-divider-separator\">\n\t\t\t\t\t\t<\/span>\n\t\t<\/div>\n\t\t\t\t<\/div>\n\t\t\t\t<\/div>\n\t\t\t\t\t<\/div>\n\t\t<\/div>\n\t\t\t\t\t<\/div>\n\t\t<\/section>\n\t\t\t\t<section class=\"elementor-section elementor-top-section elementor-element elementor-element-7101e2a elementor-section-boxed elementor-section-height-default elementor-section-height-default\" data-id=\"7101e2a\" data-element_type=\"section\">\n\t\t\t\t\t\t<div class=\"elementor-container elementor-column-gap-default\">\n\t\t\t\t\t<div class=\"elementor-column elementor-col-100 elementor-top-column elementor-element elementor-element-f18011d\" data-id=\"f18011d\" data-element_type=\"column\">\n\t\t\t<div class=\"elementor-widget-wrap elementor-element-populated\">\n\t\t\t\t\t\t<section class=\"elementor-section elementor-inner-section elementor-element elementor-element-30d9dd6 elementor-section-boxed elementor-section-height-default elementor-section-height-default\" data-id=\"30d9dd6\" data-element_type=\"section\">\n\t\t\t\t\t\t<div class=\"elementor-container elementor-column-gap-default\">\n\t\t\t\t\t<div class=\"elementor-column elementor-col-50 elementor-inner-column elementor-element elementor-element-9a2306b\" data-id=\"9a2306b\" data-element_type=\"column\">\n\t\t\t<div class=\"elementor-widget-wrap elementor-element-populated\">\n\t\t\t\t\t\t<div class=\"elementor-element elementor-element-539889f elementor-widget elementor-widget-image\" data-id=\"539889f\" data-element_type=\"widget\" data-widget_type=\"image.default\">\n\t\t\t\t<div class=\"elementor-widget-container\">\n\t\t\t\t\t\t\t\t\t\t\t\t\t<img decoding=\"async\" src=\"https:\/\/www.franckdion.net\/voim2020\/wp-content\/uploads\/2021\/04\/slpe_poster.jpg\" title=\"slpe_poster\" alt=\"slpe_poster\" loading=\"lazy\" \/>\t\t\t\t\t\t\t\t\t\t\t\t\t<\/div>\n\t\t\t\t<\/div>\n\t\t\t\t\t<\/div>\n\t\t<\/div>\n\t\t\t\t<div class=\"elementor-column elementor-col-50 elementor-inner-column elementor-element elementor-element-d904742\" data-id=\"d904742\" data-element_type=\"column\">\n\t\t\t<div class=\"elementor-widget-wrap elementor-element-populated\">\n\t\t\t\t\t\t<div class=\"elementor-element elementor-element-801e841 elementor-drop-cap-yes elementor-drop-cap-view-default elementor-widget elementor-widget-text-editor\" data-id=\"801e841\" data-element_type=\"widget\" data-settings=\"{&quot;drop_cap&quot;:&quot;yes&quot;}\" data-widget_type=\"text-editor.default\">\n\t\t\t\t<div class=\"elementor-widget-container\">\n\t\t\t\t\t\t\t<p>Un personnage peu inspirant d\u00e9cide de rendre visite \u00e0 son auteur peu inspir\u00e9.<\/p><p>2021 \/ 8:30 minutes \/ production ind\u00e9pendante<\/p><p>Achev\u00e9 en janvier 2021, ce film est une production ind\u00e9pendante r\u00e9alis\u00e9e en solitaire durant une dizaine de mois. La musique est l&rsquo;oeuvre du groupe THE DALE COOPER QUARTET.\u00a0 S\u00e9lectionn\u00e9 dans une vingtaine de festivals internationaux, le film a \u00e9t\u00e9 achet\u00e9 et diffus\u00e9 par CANAL + ainsi que la cha\u00eene Espagnole MOVIESTAR+. Le film \u00e9tant distribu\u00e9 par son r\u00e9alisateur, il peut parfois y avoir un manque de r\u00e9activit\u00e9 quant aux demande de diffusions et je tiens \u00e0 m&rsquo;en excuser par avance.<\/p><p><a href=\"https:\/\/www.unifrance.org\/film\/52028\/sous-la-peau-l-ecorce\">Fiche du film sur le site d&rsquo;UNIFRANCE<\/a><\/p><ul><li><em><strong>Jury Award for Artistic Excellence<\/strong> &#8211; <\/em>SCAD Savannah Film Festival 2021<\/li><li><strong><em>Visual &amp; Music prize<\/em><\/strong> &#8211; Piccolo Festival Animazione 2021<\/li><\/ul>\t\t\t\t\t\t<\/div>\n\t\t\t\t<\/div>\n\t\t\t\t\t<\/div>\n\t\t<\/div>\n\t\t\t\t\t<\/div>\n\t\t<\/section>\n\t\t\t\t\t<\/div>\n\t\t<\/div>\n\t\t\t\t\t<\/div>\n\t\t<\/section>\n\t\t\t\t<section class=\"elementor-section elementor-top-section elementor-element elementor-element-a52a3a4 elementor-section-boxed elementor-section-height-default elementor-section-height-default\" data-id=\"a52a3a4\" data-element_type=\"section\">\n\t\t\t\t\t\t<div class=\"elementor-container elementor-column-gap-default\">\n\t\t\t\t\t<div class=\"elementor-column elementor-col-100 elementor-top-column elementor-element elementor-element-5d376d5\" data-id=\"5d376d5\" data-element_type=\"column\">\n\t\t\t<div class=\"elementor-widget-wrap elementor-element-populated\">\n\t\t\t\t\t\t<div class=\"elementor-element elementor-element-7c06c70 elementor-widget elementor-widget-video\" data-id=\"7c06c70\" data-element_type=\"widget\" data-settings=\"{&quot;video_type&quot;:&quot;vimeo&quot;}\" data-widget_type=\"video.default\">\n\t\t\t\t<div class=\"elementor-widget-container\">\n\t\t\t\t\t<div class=\"elementor-wrapper elementor-open-inline\">\n\t\t\t<iframe class=\"elementor-video-iframe\" allowfullscreen allow=\"clipboard-write\" title=\"Lecteur vid\u00e9o vimeo\" src=\"https:\/\/player.vimeo.com\/video\/838229754?color&amp;autopause=0&amp;loop=0&amp;muted=0&amp;title=0&amp;portrait=1&amp;byline=1#t=\"><\/iframe>\t\t<\/div>\n\t\t\t\t<\/div>\n\t\t\t\t<\/div>\n\t\t\t\t<div class=\"elementor-element elementor-element-e90ee19 elementor-drop-cap-yes elementor-drop-cap-view-default elementor-widget elementor-widget-text-editor\" data-id=\"e90ee19\" data-element_type=\"widget\" data-settings=\"{&quot;drop_cap&quot;:&quot;yes&quot;}\" data-widget_type=\"text-editor.default\">\n\t\t\t\t<div class=\"elementor-widget-container\">\n\t\t\t\t\t\t\t<p>Sous la peau, l&rsquo;\u00e9corce est un court m\u00e9trage d&rsquo;animation qui raconte l&rsquo;histoire d&rsquo;un personnage de fiction qui tente de comprendre son r\u00f4le. Plong\u00e9 au c\u0153ur d&rsquo;une for\u00eat faite de faux semblants dont il semble \u00eatre l&rsquo;objet de moqueries, il d\u00e9cide de rencontrer son cr\u00e9ateur, un artiste reclus dans son atelier.<\/p><p>Si le film aborde les doutes que peuvent engendrer la cr\u00e9ation artistique, il s&rsquo;interroge surtout sur la pertinence du r\u00f4le qu&rsquo;on nous attribue et que l&rsquo;on s\u2019attribue soit m\u00eame. Abandonn\u00e9 par son cr\u00e9ateur qui a disparu, le personnage principal r\u00e9alise qu&rsquo;il est le fruit d&rsquo;une h\u00e9sitation artistique qui ne convient \u00e0 personne. Cr\u00e9ation mal aim\u00e9e d&rsquo;un imaginaire en panne, le chasseur un peu \u00ab\u00a0nunuche\u00a0\u00bb se r\u00e9v\u00e8le \u00eatre moins sot qu&rsquo;il en a l&rsquo;air.<\/p><p>Profitant du confinement impos\u00e9 en mai 2020, j&rsquo;ai appr\u00e9hend\u00e9 la fabrication de Sous la peau, l&rsquo;\u00e9corce comme un exercice artistique solitaire. Tr\u00e8s inspir\u00e9 par l&rsquo;univers musical de Dale Cooper quartet &amp; the microphones, dont j&rsquo;ai int\u00e9gr\u00e9 deux morceaux au projet, j\u2019ai r\u00e9alis\u00e9 le film enti\u00e8rement seul en une dizaine de mois. En totale autonomie, et affranchi de toute validation ext\u00e9rieure pr\u00e9alable, j\u2019ai boulevers\u00e9 ma m\u00e9thode de travail habituelle pour \u00e9crire un film directement \u00e0 l\u2019image. Sans sc\u00e9nario ni storyboard pour me guider, je me suis offert un luxe rare, celui du droit \u00e0 l\u2019erreur et au retour en arri\u00e8re, refaisant plusieurs fois les d\u00e9cors, modifiant sans cesse la marionnette du cr\u00e9ateur tandis qu\u2019au fur et \u00e0 mesure de la production du film, ce personnage s\u2019effa\u00e7ait au profit de sa cr\u00e9ation. Le chasseur est devenu le personnage central du r\u00e9cit tandis que la figure de l&rsquo;artiste en panne d&rsquo;inspiration s&rsquo;est fig\u00e9e dans son \u00e9corce vide. Ce personnage en qu\u00eate d\u2019identit\u00e9, que je suivais image apr\u00e8s image, a fini par m\u2019imposer la reprise en main de son propre destin.<\/p><p>La production de ce film est une exp\u00e9rience forte, un l\u00e2cher-prise avec les contingences habituelles de la production. Ce f\u00fbt \u00e9galement un moyen pour moi de transcender le confinement en une aventure f\u00e9conde et heureuse.<\/p><p>Franck Dion<\/p>\t\t\t\t\t\t<\/div>\n\t\t\t\t<\/div>\n\t\t\t\t\t<\/div>\n\t\t<\/div>\n\t\t\t\t\t<\/div>\n\t\t<\/section>\n\t\t\t\t<section class=\"elementor-section elementor-top-section elementor-element elementor-element-7fca411 elementor-section-boxed elementor-section-height-default elementor-section-height-default\" data-id=\"7fca411\" data-element_type=\"section\">\n\t\t\t\t\t\t<div class=\"elementor-container elementor-column-gap-default\">\n\t\t\t\t\t<div class=\"elementor-column elementor-col-100 elementor-top-column elementor-element elementor-element-2050708\" data-id=\"2050708\" data-element_type=\"column\">\n\t\t\t<div class=\"elementor-widget-wrap elementor-element-populated\">\n\t\t\t\t\t\t<div class=\"elementor-element elementor-element-63cdae7 elementor-widget elementor-widget-video\" data-id=\"63cdae7\" data-element_type=\"widget\" data-settings=\"{&quot;youtube_url&quot;:&quot;https:\\\/\\\/www.youtube.com\\\/watch?v=M9Jd6pIgn8s&quot;,&quot;video_type&quot;:&quot;youtube&quot;,&quot;controls&quot;:&quot;yes&quot;}\" data-widget_type=\"video.default\">\n\t\t\t\t<div class=\"elementor-widget-container\">\n\t\t\t\t\t<div class=\"elementor-wrapper elementor-open-inline\">\n\t\t\t<div class=\"elementor-video\"><\/div>\t\t<\/div>\n\t\t\t\t<\/div>\n\t\t\t\t<\/div>\n\t\t\t\t<div class=\"elementor-element elementor-element-8cf6319 elementor-widget elementor-widget-text-editor\" data-id=\"8cf6319\" data-element_type=\"widget\" data-widget_type=\"text-editor.default\">\n\t\t\t\t<div class=\"elementor-widget-container\">\n\t\t\t\t\t\t\t\t\t\t\t\t\t<\/div>\n\t\t\t\t<\/div>\n\t\t\t\t\t<\/div>\n\t\t<\/div>\n\t\t\t\t\t<\/div>\n\t\t<\/section>\n\t\t\t\t<section class=\"elementor-section elementor-top-section elementor-element elementor-element-969c24c elementor-section-boxed elementor-section-height-default elementor-section-height-default\" data-id=\"969c24c\" data-element_type=\"section\">\n\t\t\t\t\t\t<div class=\"elementor-container elementor-column-gap-default\">\n\t\t\t\t\t<div class=\"elementor-column elementor-col-100 elementor-top-column elementor-element elementor-element-6ff9d29\" data-id=\"6ff9d29\" data-element_type=\"column\">\n\t\t\t<div class=\"elementor-widget-wrap elementor-element-populated\">\n\t\t\t\t\t\t<div class=\"elementor-element elementor-element-211875b elementor-widget elementor-widget-text-editor\" data-id=\"211875b\" data-element_type=\"widget\" data-widget_type=\"text-editor.default\">\n\t\t\t\t<div class=\"elementor-widget-container\">\n\t\t\t\t\t\t\t<p>Credits<\/p><p><br \/>Written, designed, animated &amp; directed by <strong>Franck Dion<\/strong> \u2013 Music by <strong>Dale Cooper Quartet &amp; The Dictaphones<\/strong> \u2013 Voice of the screenwriter <strong>Chlo\u00e9 Delaume<\/strong> \u2013 Voice of the producer <strong>Didier Brunner<\/strong><\/p>\t\t\t\t\t\t<\/div>\n\t\t\t\t<\/div>\n\t\t\t\t\t<\/div>\n\t\t<\/div>\n\t\t\t\t\t<\/div>\n\t\t<\/section>\n\t\t\t\t<section class=\"elementor-section elementor-top-section elementor-element elementor-element-ce81a48 elementor-section-boxed elementor-section-height-default elementor-section-height-default\" data-id=\"ce81a48\" data-element_type=\"section\">\n\t\t\t\t\t\t<div class=\"elementor-container elementor-column-gap-default\">\n\t\t\t\t\t<div class=\"elementor-column elementor-col-100 elementor-top-column elementor-element elementor-element-54b48fe\" data-id=\"54b48fe\" data-element_type=\"column\">\n\t\t\t<div class=\"elementor-widget-wrap elementor-element-populated\">\n\t\t\t\t\t\t<div class=\"elementor-element elementor-element-1901ff0 elementor-widget elementor-widget-text-editor\" data-id=\"1901ff0\" data-element_type=\"widget\" data-widget_type=\"text-editor.default\">\n\t\t\t\t<div class=\"elementor-widget-container\">\n\t\t\t\t\t\t\t<p>Festivals et diffusions (liste non exhaustive)<\/p><ul><li><span style=\"font-size: inherit; text-align: inherit; letter-spacing: 0px;\">Festival international du film de Hong Kong (Hong-Kong, 2022)<\/span><\/li><li>Festival du court-m\u00e9trage de Tokyo (Short Shorts) (Japon, 2022)<\/li><li>Anima (Belgique, 2022)<\/li><li>Festival Tous Courts d&rsquo;Aix-en-Provence\u00a0(France, 2021)<\/li><li>Encounters Film Festival (UK, 2021)<\/li><li>London International Animation Festival (UK, 2021)<\/li><li>SCAD Savannah Film Festival (USA, 2021)<\/li><li>Cinanima (Portugal, 2021)<\/li><li>Anim&rsquo;Est (Roumanie, 2021)<\/li><li>Festival international du film de Catalogne de Sitges (Espagne, 2021)<\/li><li>Festival international de Rhode Island (\u00c9tats-Unis, 2021)<\/li><li>Festival international du film d&rsquo;animation d&rsquo;Annecy (France, 2021)<\/li><li>Animafest Zagreb (Croatie, 2021)<\/li><li>Animaphix animated film festival (Italie, 2021)<\/li><li>Animanima Cacak (Serbie, 2021)<\/li><li>Lublin Film Festival (Pologne, 2021)<\/li><li>Festival international du film LA Shorts (USA, 2021)<\/li><li>SPARK animation Vancourver (Canada, 2021)<\/li><li>Branche &amp; cin\u00e9 (France, 2021)<\/li><li>Piccolo Festival Animazione (Italie, 2021)<\/li><\/ul>\t\t\t\t\t\t<\/div>\n\t\t\t\t<\/div>\n\t\t\t\t\t<\/div>\n\t\t<\/div>\n\t\t\t\t\t<\/div>\n\t\t<\/section>\n\t\t\t\t<\/div>\n\t\t","protected":false},"excerpt":{"rendered":"<p>Sous le peau, l&rsquo;\u00e9corce \/ under the skin, the bark Un personnage peu inspirant d\u00e9cide de rendre visite \u00e0 son auteur peu inspir\u00e9. 2021 \/ 8:30 minutes \/ production ind\u00e9pendante Achev\u00e9 en janvier 2021, ce film est une production ind\u00e9pendante r\u00e9alis\u00e9e en solitaire durant une dizaine de mois. La musique est l&rsquo;oeuvre du groupe THE [&hellip;]<\/p>\n","protected":false},"author":1,"featured_media":0,"parent":0,"menu_order":0,"comment_status":"closed","ping_status":"closed","template":"","meta":{"footnotes":""},"class_list":["post-2045","page","type-page","status-publish","hentry"],"yoast_head":"<!-- This site is optimized with the Yoast SEO plugin v22.4 - https:\/\/yoast.com\/wordpress\/plugins\/seo\/ -->\n<title>Sous la peau, l&#039;\u00e9corce - Les voyages imaginaires de Franck Dion<\/title>\n<meta name=\"robots\" content=\"index, follow, max-snippet:-1, max-image-preview:large, max-video-preview:-1\" \/>\n<link rel=\"canonical\" href=\"https:\/\/www.franckdion.net\/voim2020\/sous-la-peau-lecorce\/\" \/>\n<meta property=\"og:locale\" content=\"fr_FR\" \/>\n<meta property=\"og:type\" content=\"article\" \/>\n<meta property=\"og:title\" content=\"Sous la peau, l&#039;\u00e9corce - Les voyages imaginaires de Franck Dion\" \/>\n<meta property=\"og:description\" content=\"Sous le peau, l&rsquo;\u00e9corce \/ under the skin, the bark Un personnage peu inspirant d\u00e9cide de rendre visite \u00e0 son auteur peu inspir\u00e9. 2021 \/ 8:30 minutes \/ production ind\u00e9pendante Achev\u00e9 en janvier 2021, ce film est une production ind\u00e9pendante r\u00e9alis\u00e9e en solitaire durant une dizaine de mois. La musique est l&rsquo;oeuvre du groupe THE [&hellip;]\" \/>\n<meta property=\"og:url\" content=\"https:\/\/www.franckdion.net\/voim2020\/sous-la-peau-lecorce\/\" \/>\n<meta property=\"og:site_name\" content=\"Les voyages imaginaires de Franck Dion\" \/>\n<meta property=\"article:publisher\" content=\"https:\/\/www.facebook.com\/voimfranckdion\" \/>\n<meta property=\"article:modified_time\" content=\"2024-05-05T13:48:30+00:00\" \/>\n<meta property=\"og:image\" content=\"http:\/\/www.franckdion.net\/voim2020\/wp-content\/uploads\/elementor\/thumbs\/slpe_poster-p5zgkwp7nc3s86f3tia17z8je6rebz236rnokz3mki.jpg\" \/>\n<meta name=\"twitter:card\" content=\"summary_large_image\" \/>\n<meta name=\"twitter:label1\" content=\"Dur\u00e9e de lecture estim\u00e9e\" \/>\n\t<meta name=\"twitter:data1\" content=\"4 minutes\" \/>\n<script type=\"application\/ld+json\" class=\"yoast-schema-graph\">{\"@context\":\"https:\/\/schema.org\",\"@graph\":[{\"@type\":\"WebPage\",\"@id\":\"https:\/\/www.franckdion.net\/voim2020\/sous-la-peau-lecorce\/\",\"url\":\"https:\/\/www.franckdion.net\/voim2020\/sous-la-peau-lecorce\/\",\"name\":\"Sous la peau, l'\u00e9corce - Les voyages imaginaires de Franck Dion\",\"isPartOf\":{\"@id\":\"https:\/\/www.franckdion.net\/voim2020\/#website\"},\"primaryImageOfPage\":{\"@id\":\"https:\/\/www.franckdion.net\/voim2020\/sous-la-peau-lecorce\/#primaryimage\"},\"image\":{\"@id\":\"https:\/\/www.franckdion.net\/voim2020\/sous-la-peau-lecorce\/#primaryimage\"},\"thumbnailUrl\":\"http:\/\/www.franckdion.net\/voim2020\/wp-content\/uploads\/elementor\/thumbs\/slpe_poster-p5zgkwp7nc3s86f3tia17z8je6rebz236rnokz3mki.jpg\",\"datePublished\":\"2024-05-05T11:54:45+00:00\",\"dateModified\":\"2024-05-05T13:48:30+00:00\",\"breadcrumb\":{\"@id\":\"https:\/\/www.franckdion.net\/voim2020\/sous-la-peau-lecorce\/#breadcrumb\"},\"inLanguage\":\"fr-FR\",\"potentialAction\":[{\"@type\":\"ReadAction\",\"target\":[\"https:\/\/www.franckdion.net\/voim2020\/sous-la-peau-lecorce\/\"]}]},{\"@type\":\"ImageObject\",\"inLanguage\":\"fr-FR\",\"@id\":\"https:\/\/www.franckdion.net\/voim2020\/sous-la-peau-lecorce\/#primaryimage\",\"url\":\"http:\/\/www.franckdion.net\/voim2020\/wp-content\/uploads\/elementor\/thumbs\/slpe_poster-p5zgkwp7nc3s86f3tia17z8je6rebz236rnokz3mki.jpg\",\"contentUrl\":\"http:\/\/www.franckdion.net\/voim2020\/wp-content\/uploads\/elementor\/thumbs\/slpe_poster-p5zgkwp7nc3s86f3tia17z8je6rebz236rnokz3mki.jpg\"},{\"@type\":\"BreadcrumbList\",\"@id\":\"https:\/\/www.franckdion.net\/voim2020\/sous-la-peau-lecorce\/#breadcrumb\",\"itemListElement\":[{\"@type\":\"ListItem\",\"position\":1,\"name\":\"Accueil\",\"item\":\"https:\/\/www.franckdion.net\/voim2020\/\"},{\"@type\":\"ListItem\",\"position\":2,\"name\":\"Sous la peau, l&rsquo;\u00e9corce\"}]},{\"@type\":\"WebSite\",\"@id\":\"https:\/\/www.franckdion.net\/voim2020\/#website\",\"url\":\"https:\/\/www.franckdion.net\/voim2020\/\",\"name\":\"Les voyages imaginaires de Franck Dion\",\"description\":\"R\u00e9alisateur, Illustrateur, Touriste immobile\",\"potentialAction\":[{\"@type\":\"SearchAction\",\"target\":{\"@type\":\"EntryPoint\",\"urlTemplate\":\"https:\/\/www.franckdion.net\/voim2020\/?s={search_term_string}\"},\"query-input\":\"required name=search_term_string\"}],\"inLanguage\":\"fr-FR\"}]}<\/script>\n<!-- \/ Yoast SEO plugin. -->","yoast_head_json":{"title":"Sous la peau, l'\u00e9corce - Les voyages imaginaires de Franck Dion","robots":{"index":"index","follow":"follow","max-snippet":"max-snippet:-1","max-image-preview":"max-image-preview:large","max-video-preview":"max-video-preview:-1"},"canonical":"https:\/\/www.franckdion.net\/voim2020\/sous-la-peau-lecorce\/","og_locale":"fr_FR","og_type":"article","og_title":"Sous la peau, l'\u00e9corce - Les voyages imaginaires de Franck Dion","og_description":"Sous le peau, l&rsquo;\u00e9corce \/ under the skin, the bark Un personnage peu inspirant d\u00e9cide de rendre visite \u00e0 son auteur peu inspir\u00e9. 2021 \/ 8:30 minutes \/ production ind\u00e9pendante Achev\u00e9 en janvier 2021, ce film est une production ind\u00e9pendante r\u00e9alis\u00e9e en solitaire durant une dizaine de mois. La musique est l&rsquo;oeuvre du groupe THE [&hellip;]","og_url":"https:\/\/www.franckdion.net\/voim2020\/sous-la-peau-lecorce\/","og_site_name":"Les voyages imaginaires de Franck Dion","article_publisher":"https:\/\/www.facebook.com\/voimfranckdion","article_modified_time":"2024-05-05T13:48:30+00:00","og_image":[{"url":"http:\/\/www.franckdion.net\/voim2020\/wp-content\/uploads\/elementor\/thumbs\/slpe_poster-p5zgkwp7nc3s86f3tia17z8je6rebz236rnokz3mki.jpg"}],"twitter_card":"summary_large_image","twitter_misc":{"Dur\u00e9e de lecture estim\u00e9e":"4 minutes"},"schema":{"@context":"https:\/\/schema.org","@graph":[{"@type":"WebPage","@id":"https:\/\/www.franckdion.net\/voim2020\/sous-la-peau-lecorce\/","url":"https:\/\/www.franckdion.net\/voim2020\/sous-la-peau-lecorce\/","name":"Sous la peau, l'\u00e9corce - Les voyages imaginaires de Franck Dion","isPartOf":{"@id":"https:\/\/www.franckdion.net\/voim2020\/#website"},"primaryImageOfPage":{"@id":"https:\/\/www.franckdion.net\/voim2020\/sous-la-peau-lecorce\/#primaryimage"},"image":{"@id":"https:\/\/www.franckdion.net\/voim2020\/sous-la-peau-lecorce\/#primaryimage"},"thumbnailUrl":"http:\/\/www.franckdion.net\/voim2020\/wp-content\/uploads\/elementor\/thumbs\/slpe_poster-p5zgkwp7nc3s86f3tia17z8je6rebz236rnokz3mki.jpg","datePublished":"2024-05-05T11:54:45+00:00","dateModified":"2024-05-05T13:48:30+00:00","breadcrumb":{"@id":"https:\/\/www.franckdion.net\/voim2020\/sous-la-peau-lecorce\/#breadcrumb"},"inLanguage":"fr-FR","potentialAction":[{"@type":"ReadAction","target":["https:\/\/www.franckdion.net\/voim2020\/sous-la-peau-lecorce\/"]}]},{"@type":"ImageObject","inLanguage":"fr-FR","@id":"https:\/\/www.franckdion.net\/voim2020\/sous-la-peau-lecorce\/#primaryimage","url":"http:\/\/www.franckdion.net\/voim2020\/wp-content\/uploads\/elementor\/thumbs\/slpe_poster-p5zgkwp7nc3s86f3tia17z8je6rebz236rnokz3mki.jpg","contentUrl":"http:\/\/www.franckdion.net\/voim2020\/wp-content\/uploads\/elementor\/thumbs\/slpe_poster-p5zgkwp7nc3s86f3tia17z8je6rebz236rnokz3mki.jpg"},{"@type":"BreadcrumbList","@id":"https:\/\/www.franckdion.net\/voim2020\/sous-la-peau-lecorce\/#breadcrumb","itemListElement":[{"@type":"ListItem","position":1,"name":"Accueil","item":"https:\/\/www.franckdion.net\/voim2020\/"},{"@type":"ListItem","position":2,"name":"Sous la peau, l&rsquo;\u00e9corce"}]},{"@type":"WebSite","@id":"https:\/\/www.franckdion.net\/voim2020\/#website","url":"https:\/\/www.franckdion.net\/voim2020\/","name":"Les voyages imaginaires de Franck Dion","description":"R\u00e9alisateur, Illustrateur, Touriste immobile","potentialAction":[{"@type":"SearchAction","target":{"@type":"EntryPoint","urlTemplate":"https:\/\/www.franckdion.net\/voim2020\/?s={search_term_string}"},"query-input":"required name=search_term_string"}],"inLanguage":"fr-FR"}]}},"_links":{"self":[{"href":"https:\/\/www.franckdion.net\/voim2020\/wp-json\/wp\/v2\/pages\/2045","targetHints":{"allow":["GET"]}}],"collection":[{"href":"https:\/\/www.franckdion.net\/voim2020\/wp-json\/wp\/v2\/pages"}],"about":[{"href":"https:\/\/www.franckdion.net\/voim2020\/wp-json\/wp\/v2\/types\/page"}],"author":[{"embeddable":true,"href":"https:\/\/www.franckdion.net\/voim2020\/wp-json\/wp\/v2\/users\/1"}],"replies":[{"embeddable":true,"href":"https:\/\/www.franckdion.net\/voim2020\/wp-json\/wp\/v2\/comments?post=2045"}],"version-history":[{"count":7,"href":"https:\/\/www.franckdion.net\/voim2020\/wp-json\/wp\/v2\/pages\/2045\/revisions"}],"predecessor-version":[{"id":2160,"href":"https:\/\/www.franckdion.net\/voim2020\/wp-json\/wp\/v2\/pages\/2045\/revisions\/2160"}],"wp:attachment":[{"href":"https:\/\/www.franckdion.net\/voim2020\/wp-json\/wp\/v2\/media?parent=2045"}],"curies":[{"name":"wp","href":"https:\/\/api.w.org\/{rel}","templated":true}]}}