{"id":2054,"date":"2024-05-05T15:24:29","date_gmt":"2024-05-05T13:24:29","guid":{"rendered":"https:\/\/www.franckdion.net\/voim2020\/?page_id=2054"},"modified":"2024-05-05T15:50:13","modified_gmt":"2024-05-05T13:50:13","slug":"linventaire-fantome","status":"publish","type":"page","link":"https:\/\/www.franckdion.net\/voim2020\/linventaire-fantome\/","title":{"rendered":"L&rsquo;inventaire fant\u00f4me"},"content":{"rendered":"\t\t<div data-elementor-type=\"wp-page\" data-elementor-id=\"2054\" class=\"elementor elementor-2054\" data-elementor-post-type=\"page\">\n\t\t\t\t\t\t<section class=\"elementor-section elementor-top-section elementor-element elementor-element-102d23c elementor-section-boxed elementor-section-height-default elementor-section-height-default\" data-id=\"102d23c\" data-element_type=\"section\">\n\t\t\t\t\t\t<div class=\"elementor-container elementor-column-gap-default\">\n\t\t\t\t\t<div class=\"elementor-column elementor-col-100 elementor-top-column elementor-element elementor-element-179feb9\" data-id=\"179feb9\" data-element_type=\"column\">\n\t\t\t<div class=\"elementor-widget-wrap elementor-element-populated\">\n\t\t\t\t\t\t<div class=\"elementor-element elementor-element-f54977e elementor-widget-divider--view-line elementor-widget elementor-widget-divider\" data-id=\"f54977e\" data-element_type=\"widget\" data-widget_type=\"divider.default\">\n\t\t\t\t<div class=\"elementor-widget-container\">\n\t\t\t\t\t<div class=\"elementor-divider\">\n\t\t\t<span class=\"elementor-divider-separator\">\n\t\t\t\t\t\t<\/span>\n\t\t<\/div>\n\t\t\t\t<\/div>\n\t\t\t\t<\/div>\n\t\t\t\t<div class=\"elementor-element elementor-element-53875f6 elementor-widget elementor-widget-heading\" data-id=\"53875f6\" data-element_type=\"widget\" data-widget_type=\"heading.default\">\n\t\t\t\t<div class=\"elementor-widget-container\">\n\t\t\t<h4 class=\"elementor-heading-title elementor-size-default\">L'inventaire fant\u00f4me \/ The phantom inventory<\/h4>\t\t<\/div>\n\t\t\t\t<\/div>\n\t\t\t\t<div class=\"elementor-element elementor-element-2c00631 elementor-widget-divider--view-line elementor-widget elementor-widget-divider\" data-id=\"2c00631\" data-element_type=\"widget\" data-widget_type=\"divider.default\">\n\t\t\t\t<div class=\"elementor-widget-container\">\n\t\t\t\t\t<div class=\"elementor-divider\">\n\t\t\t<span class=\"elementor-divider-separator\">\n\t\t\t\t\t\t<\/span>\n\t\t<\/div>\n\t\t\t\t<\/div>\n\t\t\t\t<\/div>\n\t\t\t\t\t<\/div>\n\t\t<\/div>\n\t\t\t\t\t<\/div>\n\t\t<\/section>\n\t\t\t\t<section class=\"elementor-section elementor-top-section elementor-element elementor-element-8a4e60b elementor-section-boxed elementor-section-height-default elementor-section-height-default\" data-id=\"8a4e60b\" data-element_type=\"section\">\n\t\t\t\t\t\t<div class=\"elementor-container elementor-column-gap-default\">\n\t\t\t\t\t<div class=\"elementor-column elementor-col-100 elementor-top-column elementor-element elementor-element-1fbd76a\" data-id=\"1fbd76a\" data-element_type=\"column\">\n\t\t\t<div class=\"elementor-widget-wrap elementor-element-populated\">\n\t\t\t\t\t\t<section class=\"elementor-section elementor-inner-section elementor-element elementor-element-4e91d3b elementor-section-boxed elementor-section-height-default elementor-section-height-default\" data-id=\"4e91d3b\" data-element_type=\"section\">\n\t\t\t\t\t\t<div class=\"elementor-container elementor-column-gap-default\">\n\t\t\t\t\t<div class=\"elementor-column elementor-col-50 elementor-inner-column elementor-element elementor-element-c870853\" data-id=\"c870853\" data-element_type=\"column\">\n\t\t\t<div class=\"elementor-widget-wrap elementor-element-populated\">\n\t\t\t\t\t\t<div class=\"elementor-element elementor-element-16dd732 elementor-widget elementor-widget-image\" data-id=\"16dd732\" data-element_type=\"widget\" data-widget_type=\"image.default\">\n\t\t\t\t<div class=\"elementor-widget-container\">\n\t\t\t\t\t\t\t\t\t\t\t\t\t<img decoding=\"async\" src=\"https:\/\/www.franckdion.net\/voim2020\/wp-content\/uploads\/2021\/01\/inventaire_poster.jpg\" title=\"inventaire_poster\" alt=\"inventaire_poster\" loading=\"lazy\" \/>\t\t\t\t\t\t\t\t\t\t\t\t\t<\/div>\n\t\t\t\t<\/div>\n\t\t\t\t\t<\/div>\n\t\t<\/div>\n\t\t\t\t<div class=\"elementor-column elementor-col-50 elementor-inner-column elementor-element elementor-element-5c70490\" data-id=\"5c70490\" data-element_type=\"column\">\n\t\t\t<div class=\"elementor-widget-wrap elementor-element-populated\">\n\t\t\t\t\t\t<div class=\"elementor-element elementor-element-b38eb9f elementor-drop-cap-yes elementor-drop-cap-view-default elementor-widget elementor-widget-text-editor\" data-id=\"b38eb9f\" data-element_type=\"widget\" data-settings=\"{&quot;drop_cap&quot;:&quot;yes&quot;}\" data-widget_type=\"text-editor.default\">\n\t\t\t\t<div class=\"elementor-widget-container\">\n\t\t\t\t\t\t\t<p>L\u2019huissier Soms se rend chez un vieil homme qui collectionne des souvenirs dont plus personne ne veut. Dans l\u2019appartement vide et mis\u00e9rable, le fonctionnaire ouvre une porte d\u00e9rob\u00e9e et d\u00e9couvre un grenier gigantesque o\u00f9 sont entrepos\u00e9s des milliers d\u2019objets. L\u2019huissier entreprend alors un \u00e9trange inventaire.<\/p><p>Voir le film : en <a href=\"https:\/\/vimeo.com\/87558099\" target=\"_blank\" rel=\"noopener\">version Fran\u00e7aise<\/a><\/p><p>2004 \/ 9 minutes \/ Les armateurs &#8211; Cineberti &#8211; TEVA &#8211; CNC<\/p><p>R\u00e9alis\u00e9 entre 2002 et 2004, L&rsquo;inventaire fant\u00f4me est mon premier court m\u00e9trage. Produit par Didier Brunner (Les triplettes de Belleville, Ernest et Celestine, Kirikou&#8230;) le film a re\u00e7u, entre autre distinctions le prix junior du meilleur film au festival d&rsquo;Annecy en 2004 ainsi qu&rsquo;une nomination au Cartoon d&rsquo;or.<\/p>\t\t\t\t\t\t<\/div>\n\t\t\t\t<\/div>\n\t\t\t\t\t<\/div>\n\t\t<\/div>\n\t\t\t\t\t<\/div>\n\t\t<\/section>\n\t\t\t\t\t<\/div>\n\t\t<\/div>\n\t\t\t\t\t<\/div>\n\t\t<\/section>\n\t\t\t\t<section class=\"elementor-section elementor-top-section elementor-element elementor-element-e39b5e6 elementor-section-boxed elementor-section-height-default elementor-section-height-default\" data-id=\"e39b5e6\" data-element_type=\"section\">\n\t\t\t\t\t\t<div class=\"elementor-container elementor-column-gap-default\">\n\t\t\t\t\t<div class=\"elementor-column elementor-col-100 elementor-top-column elementor-element elementor-element-4f7c2e9\" data-id=\"4f7c2e9\" data-element_type=\"column\">\n\t\t\t<div class=\"elementor-widget-wrap elementor-element-populated\">\n\t\t\t\t\t\t<div class=\"elementor-element elementor-element-958d4a7 elementor-widget elementor-widget-text-editor\" data-id=\"958d4a7\" data-element_type=\"widget\" data-widget_type=\"text-editor.default\">\n\t\t\t\t<div class=\"elementor-widget-container\">\n\t\t\t\t\t\t\t<h1>Un article\u00a0 sign\u00e9 par TAYLOR JESSEN, paru dans AWN magazine\u00a0(en Anglais).<\/h1><p>The Phantom Inventory (L\u2019Inventaire fant\u00f4me)<\/p><p>A collection agent meets his match in The Phantom Inventory, a stop-motion armature short from the aptly named Les Armateurs studio under the direction of Franck Dion. In this supernatural chiller akin to Wilde\u2019s Portrait of Dorian Gray, the display of unchained imagination is complemented by the filmmakers\u2019 own liberation in their mixing of analogue and digital techniques.<br \/>The story concerns a bailiff from the Debt Collection Ministry and an afternoon appointment that doesn\u2019t go as planned. The setting, though unspecified, is probably Paris in the 1920s. The debt collector takes a long elevator ride to reach his quarry, a wizened, wheelchair-bound apartment dweller named Albert from whom there is nothing, at first glance, to collect. The gaunt, tall, crimson-suited bureaucrat asks the man exactly what he collects. \u201cMemories, sir,\u201d Albert replies, \u201cmemories that no one wants anymore.\u201d A quick tour through empty rooms leads to the discovery of a secret door, opening on a grand hall of tall ornamental shelves stuffed silly with other people\u2019s tchotchkes.<\/p><p>Having hit the mother lode, the civil servant wanders from object to object slapping \u201cTo be seized\u201d tags on everything in sight \u2014 a malfunctioning radio, a mirror that scares people \u2014 but something\u2019s following him, and the objects are getting weirder: a bust of a woman caught in a desperate gesture, a wooden boy in a cage, a bear trap. There\u2019s sun shafting down from the skylights, but somehow it\u2019s never enough, like in a library a half hour after they should have turned on the lights. When the collection itself starts to go on the move, dogging the bureaucrat and chasing him down aisles of deep shadows to a confrontation with his own unwanted memory, the owner of the apartment reappears to lead him away. The bailiff storms out, vowing to return the next day and take everything, but a final twist threatens his sanity and sends him packing, empty-handed.<\/p><p>The Phantom Inventory uses a dreamily de-saturated palette of browns and blues to deliver its mood of near-dark chill. The short is puppet-based, with the main characters depicted in standard real-world armatures, clothes and props. Rather than articulate the faces, though, the team wisely decided to wait for their characters to stop moving and then went in with the digital paintbox to achieve mouth and eye movement. Much of the huge, intricate set design was achieved through digital matte paintings that perfectly match the style of the real set dressing. Interestingly, character bodies and props move on twos, but the bailiff\u2019s eyes and the phantoms that chase him are animated on ones. The contrast could have been jarring, but here it reinforces the distance between the bailiff\u2019s world and the heightened supernatural reality he falls prey to.<\/p>\t\t\t\t\t\t<\/div>\n\t\t\t\t<\/div>\n\t\t\t\t\t<\/div>\n\t\t<\/div>\n\t\t\t\t\t<\/div>\n\t\t<\/section>\n\t\t\t\t<\/div>\n\t\t","protected":false},"excerpt":{"rendered":"<p>L&rsquo;inventaire fant\u00f4me \/ The phantom inventory L\u2019huissier Soms se rend chez un vieil homme qui collectionne des souvenirs dont plus personne ne veut. Dans l\u2019appartement vide et mis\u00e9rable, le fonctionnaire ouvre une porte d\u00e9rob\u00e9e et d\u00e9couvre un grenier gigantesque o\u00f9 sont entrepos\u00e9s des milliers d\u2019objets. L\u2019huissier entreprend alors un \u00e9trange inventaire. Voir le film : [&hellip;]<\/p>\n","protected":false},"author":1,"featured_media":0,"parent":0,"menu_order":0,"comment_status":"closed","ping_status":"closed","template":"","meta":{"footnotes":""},"class_list":["post-2054","page","type-page","status-publish","hentry"],"yoast_head":"<!-- This site is optimized with the Yoast SEO plugin v22.4 - https:\/\/yoast.com\/wordpress\/plugins\/seo\/ -->\n<title>L&#039;inventaire fant\u00f4me - Les voyages imaginaires de Franck Dion<\/title>\n<meta name=\"robots\" content=\"index, follow, max-snippet:-1, max-image-preview:large, max-video-preview:-1\" \/>\n<link rel=\"canonical\" href=\"http:\/\/www.franckdion.net\/voim2020\/linventaire-fantome\/\" \/>\n<meta property=\"og:locale\" content=\"fr_FR\" \/>\n<meta property=\"og:type\" content=\"article\" \/>\n<meta property=\"og:title\" content=\"L&#039;inventaire fant\u00f4me - Les voyages imaginaires de Franck Dion\" \/>\n<meta property=\"og:description\" content=\"L&rsquo;inventaire fant\u00f4me \/ The phantom inventory L\u2019huissier Soms se rend chez un vieil homme qui collectionne des souvenirs dont plus personne ne veut. Dans l\u2019appartement vide et mis\u00e9rable, le fonctionnaire ouvre une porte d\u00e9rob\u00e9e et d\u00e9couvre un grenier gigantesque o\u00f9 sont entrepos\u00e9s des milliers d\u2019objets. L\u2019huissier entreprend alors un \u00e9trange inventaire. Voir le film : [&hellip;]\" \/>\n<meta property=\"og:url\" content=\"http:\/\/www.franckdion.net\/voim2020\/linventaire-fantome\/\" \/>\n<meta property=\"og:site_name\" content=\"Les voyages imaginaires de Franck Dion\" \/>\n<meta property=\"article:publisher\" content=\"https:\/\/www.facebook.com\/voimfranckdion\" \/>\n<meta property=\"article:modified_time\" content=\"2024-05-05T13:50:13+00:00\" \/>\n<meta property=\"og:image\" content=\"http:\/\/www.franckdion.net\/voim2020\/wp-content\/uploads\/elementor\/thumbs\/inventaire_poster-p1x9licyvviqc0dxcokfex07apg8p9mbi7qppuatxe.jpg\" \/>\n<meta name=\"twitter:card\" content=\"summary_large_image\" \/>\n<meta name=\"twitter:label1\" content=\"Dur\u00e9e de lecture estim\u00e9e\" \/>\n\t<meta name=\"twitter:data1\" content=\"4 minutes\" \/>\n<script type=\"application\/ld+json\" class=\"yoast-schema-graph\">{\"@context\":\"https:\/\/schema.org\",\"@graph\":[{\"@type\":\"WebPage\",\"@id\":\"http:\/\/www.franckdion.net\/voim2020\/linventaire-fantome\/\",\"url\":\"http:\/\/www.franckdion.net\/voim2020\/linventaire-fantome\/\",\"name\":\"L'inventaire fant\u00f4me - Les voyages imaginaires de Franck Dion\",\"isPartOf\":{\"@id\":\"http:\/\/www.franckdion.net\/voim2020\/#website\"},\"primaryImageOfPage\":{\"@id\":\"http:\/\/www.franckdion.net\/voim2020\/linventaire-fantome\/#primaryimage\"},\"image\":{\"@id\":\"http:\/\/www.franckdion.net\/voim2020\/linventaire-fantome\/#primaryimage\"},\"thumbnailUrl\":\"http:\/\/www.franckdion.net\/voim2020\/wp-content\/uploads\/elementor\/thumbs\/inventaire_poster-p1x9licyvviqc0dxcokfex07apg8p9mbi7qppuatxe.jpg\",\"datePublished\":\"2024-05-05T13:24:29+00:00\",\"dateModified\":\"2024-05-05T13:50:13+00:00\",\"breadcrumb\":{\"@id\":\"http:\/\/www.franckdion.net\/voim2020\/linventaire-fantome\/#breadcrumb\"},\"inLanguage\":\"fr-FR\",\"potentialAction\":[{\"@type\":\"ReadAction\",\"target\":[\"http:\/\/www.franckdion.net\/voim2020\/linventaire-fantome\/\"]}]},{\"@type\":\"ImageObject\",\"inLanguage\":\"fr-FR\",\"@id\":\"http:\/\/www.franckdion.net\/voim2020\/linventaire-fantome\/#primaryimage\",\"url\":\"http:\/\/www.franckdion.net\/voim2020\/wp-content\/uploads\/elementor\/thumbs\/inventaire_poster-p1x9licyvviqc0dxcokfex07apg8p9mbi7qppuatxe.jpg\",\"contentUrl\":\"http:\/\/www.franckdion.net\/voim2020\/wp-content\/uploads\/elementor\/thumbs\/inventaire_poster-p1x9licyvviqc0dxcokfex07apg8p9mbi7qppuatxe.jpg\"},{\"@type\":\"BreadcrumbList\",\"@id\":\"http:\/\/www.franckdion.net\/voim2020\/linventaire-fantome\/#breadcrumb\",\"itemListElement\":[{\"@type\":\"ListItem\",\"position\":1,\"name\":\"Accueil\",\"item\":\"http:\/\/www.franckdion.net\/voim2020\/\"},{\"@type\":\"ListItem\",\"position\":2,\"name\":\"L&rsquo;inventaire fant\u00f4me\"}]},{\"@type\":\"WebSite\",\"@id\":\"http:\/\/www.franckdion.net\/voim2020\/#website\",\"url\":\"http:\/\/www.franckdion.net\/voim2020\/\",\"name\":\"Les voyages imaginaires de Franck Dion\",\"description\":\"R\u00e9alisateur, Illustrateur, Touriste immobile\",\"potentialAction\":[{\"@type\":\"SearchAction\",\"target\":{\"@type\":\"EntryPoint\",\"urlTemplate\":\"http:\/\/www.franckdion.net\/voim2020\/?s={search_term_string}\"},\"query-input\":\"required name=search_term_string\"}],\"inLanguage\":\"fr-FR\"}]}<\/script>\n<!-- \/ Yoast SEO plugin. -->","yoast_head_json":{"title":"L'inventaire fant\u00f4me - Les voyages imaginaires de Franck Dion","robots":{"index":"index","follow":"follow","max-snippet":"max-snippet:-1","max-image-preview":"max-image-preview:large","max-video-preview":"max-video-preview:-1"},"canonical":"http:\/\/www.franckdion.net\/voim2020\/linventaire-fantome\/","og_locale":"fr_FR","og_type":"article","og_title":"L'inventaire fant\u00f4me - Les voyages imaginaires de Franck Dion","og_description":"L&rsquo;inventaire fant\u00f4me \/ The phantom inventory L\u2019huissier Soms se rend chez un vieil homme qui collectionne des souvenirs dont plus personne ne veut. Dans l\u2019appartement vide et mis\u00e9rable, le fonctionnaire ouvre une porte d\u00e9rob\u00e9e et d\u00e9couvre un grenier gigantesque o\u00f9 sont entrepos\u00e9s des milliers d\u2019objets. L\u2019huissier entreprend alors un \u00e9trange inventaire. Voir le film : [&hellip;]","og_url":"http:\/\/www.franckdion.net\/voim2020\/linventaire-fantome\/","og_site_name":"Les voyages imaginaires de Franck Dion","article_publisher":"https:\/\/www.facebook.com\/voimfranckdion","article_modified_time":"2024-05-05T13:50:13+00:00","og_image":[{"url":"http:\/\/www.franckdion.net\/voim2020\/wp-content\/uploads\/elementor\/thumbs\/inventaire_poster-p1x9licyvviqc0dxcokfex07apg8p9mbi7qppuatxe.jpg"}],"twitter_card":"summary_large_image","twitter_misc":{"Dur\u00e9e de lecture estim\u00e9e":"4 minutes"},"schema":{"@context":"https:\/\/schema.org","@graph":[{"@type":"WebPage","@id":"http:\/\/www.franckdion.net\/voim2020\/linventaire-fantome\/","url":"http:\/\/www.franckdion.net\/voim2020\/linventaire-fantome\/","name":"L'inventaire fant\u00f4me - Les voyages imaginaires de Franck Dion","isPartOf":{"@id":"http:\/\/www.franckdion.net\/voim2020\/#website"},"primaryImageOfPage":{"@id":"http:\/\/www.franckdion.net\/voim2020\/linventaire-fantome\/#primaryimage"},"image":{"@id":"http:\/\/www.franckdion.net\/voim2020\/linventaire-fantome\/#primaryimage"},"thumbnailUrl":"http:\/\/www.franckdion.net\/voim2020\/wp-content\/uploads\/elementor\/thumbs\/inventaire_poster-p1x9licyvviqc0dxcokfex07apg8p9mbi7qppuatxe.jpg","datePublished":"2024-05-05T13:24:29+00:00","dateModified":"2024-05-05T13:50:13+00:00","breadcrumb":{"@id":"http:\/\/www.franckdion.net\/voim2020\/linventaire-fantome\/#breadcrumb"},"inLanguage":"fr-FR","potentialAction":[{"@type":"ReadAction","target":["http:\/\/www.franckdion.net\/voim2020\/linventaire-fantome\/"]}]},{"@type":"ImageObject","inLanguage":"fr-FR","@id":"http:\/\/www.franckdion.net\/voim2020\/linventaire-fantome\/#primaryimage","url":"http:\/\/www.franckdion.net\/voim2020\/wp-content\/uploads\/elementor\/thumbs\/inventaire_poster-p1x9licyvviqc0dxcokfex07apg8p9mbi7qppuatxe.jpg","contentUrl":"http:\/\/www.franckdion.net\/voim2020\/wp-content\/uploads\/elementor\/thumbs\/inventaire_poster-p1x9licyvviqc0dxcokfex07apg8p9mbi7qppuatxe.jpg"},{"@type":"BreadcrumbList","@id":"http:\/\/www.franckdion.net\/voim2020\/linventaire-fantome\/#breadcrumb","itemListElement":[{"@type":"ListItem","position":1,"name":"Accueil","item":"http:\/\/www.franckdion.net\/voim2020\/"},{"@type":"ListItem","position":2,"name":"L&rsquo;inventaire fant\u00f4me"}]},{"@type":"WebSite","@id":"http:\/\/www.franckdion.net\/voim2020\/#website","url":"http:\/\/www.franckdion.net\/voim2020\/","name":"Les voyages imaginaires de Franck Dion","description":"R\u00e9alisateur, Illustrateur, Touriste immobile","potentialAction":[{"@type":"SearchAction","target":{"@type":"EntryPoint","urlTemplate":"http:\/\/www.franckdion.net\/voim2020\/?s={search_term_string}"},"query-input":"required name=search_term_string"}],"inLanguage":"fr-FR"}]}},"_links":{"self":[{"href":"https:\/\/www.franckdion.net\/voim2020\/wp-json\/wp\/v2\/pages\/2054","targetHints":{"allow":["GET"]}}],"collection":[{"href":"https:\/\/www.franckdion.net\/voim2020\/wp-json\/wp\/v2\/pages"}],"about":[{"href":"https:\/\/www.franckdion.net\/voim2020\/wp-json\/wp\/v2\/types\/page"}],"author":[{"embeddable":true,"href":"https:\/\/www.franckdion.net\/voim2020\/wp-json\/wp\/v2\/users\/1"}],"replies":[{"embeddable":true,"href":"https:\/\/www.franckdion.net\/voim2020\/wp-json\/wp\/v2\/comments?post=2054"}],"version-history":[{"count":10,"href":"https:\/\/www.franckdion.net\/voim2020\/wp-json\/wp\/v2\/pages\/2054\/revisions"}],"predecessor-version":[{"id":2164,"href":"https:\/\/www.franckdion.net\/voim2020\/wp-json\/wp\/v2\/pages\/2054\/revisions\/2164"}],"wp:attachment":[{"href":"https:\/\/www.franckdion.net\/voim2020\/wp-json\/wp\/v2\/media?parent=2054"}],"curies":[{"name":"wp","href":"https:\/\/api.w.org\/{rel}","templated":true}]}}