{"id":2075,"date":"2024-05-05T15:25:10","date_gmt":"2024-05-05T13:25:10","guid":{"rendered":"https:\/\/www.franckdion.net\/voim2020\/?page_id=2075"},"modified":"2024-05-05T15:54:14","modified_gmt":"2024-05-05T13:54:14","slug":"une-tete-disparait-the-head-vanishes","status":"publish","type":"page","link":"https:\/\/www.franckdion.net\/voim2020\/une-tete-disparait-the-head-vanishes\/","title":{"rendered":"Une t\u00eate dispara\u00eet \/ The head vanishes"},"content":{"rendered":"\t\t<div data-elementor-type=\"wp-page\" data-elementor-id=\"2075\" class=\"elementor elementor-2075\" data-elementor-post-type=\"page\">\n\t\t\t\t\t\t<section class=\"elementor-section elementor-top-section elementor-element elementor-element-9a8ab56 elementor-section-boxed elementor-section-height-default elementor-section-height-default\" data-id=\"9a8ab56\" data-element_type=\"section\">\n\t\t\t\t\t\t<div class=\"elementor-container elementor-column-gap-default\">\n\t\t\t\t\t<div class=\"elementor-column elementor-col-100 elementor-top-column elementor-element elementor-element-a993aba\" data-id=\"a993aba\" data-element_type=\"column\">\n\t\t\t<div class=\"elementor-widget-wrap elementor-element-populated\">\n\t\t\t\t\t\t<div class=\"elementor-element elementor-element-a3ade72 elementor-widget-divider--view-line elementor-widget elementor-widget-divider\" data-id=\"a3ade72\" data-element_type=\"widget\" data-widget_type=\"divider.default\">\n\t\t\t\t<div class=\"elementor-widget-container\">\n\t\t\t\t\t<div class=\"elementor-divider\">\n\t\t\t<span class=\"elementor-divider-separator\">\n\t\t\t\t\t\t<\/span>\n\t\t<\/div>\n\t\t\t\t<\/div>\n\t\t\t\t<\/div>\n\t\t\t\t<div class=\"elementor-element elementor-element-aa09731 elementor-widget elementor-widget-heading\" data-id=\"aa09731\" data-element_type=\"widget\" data-widget_type=\"heading.default\">\n\t\t\t\t<div class=\"elementor-widget-container\">\n\t\t\t<h4 class=\"elementor-heading-title elementor-size-default\">Une t\u00eate dispara\u00eet \/ The head vanishes<\/h4>\t\t<\/div>\n\t\t\t\t<\/div>\n\t\t\t\t<div class=\"elementor-element elementor-element-8c5ada5 elementor-widget-divider--view-line elementor-widget elementor-widget-divider\" data-id=\"8c5ada5\" data-element_type=\"widget\" data-widget_type=\"divider.default\">\n\t\t\t\t<div class=\"elementor-widget-container\">\n\t\t\t\t\t<div class=\"elementor-divider\">\n\t\t\t<span class=\"elementor-divider-separator\">\n\t\t\t\t\t\t<\/span>\n\t\t<\/div>\n\t\t\t\t<\/div>\n\t\t\t\t<\/div>\n\t\t\t\t\t<\/div>\n\t\t<\/div>\n\t\t\t\t\t<\/div>\n\t\t<\/section>\n\t\t\t\t<section class=\"elementor-section elementor-top-section elementor-element elementor-element-318709b elementor-section-boxed elementor-section-height-default elementor-section-height-default\" data-id=\"318709b\" data-element_type=\"section\">\n\t\t\t\t\t\t<div class=\"elementor-container elementor-column-gap-default\">\n\t\t\t\t\t<div class=\"elementor-column elementor-col-100 elementor-top-column elementor-element elementor-element-243b147\" data-id=\"243b147\" data-element_type=\"column\">\n\t\t\t<div class=\"elementor-widget-wrap elementor-element-populated\">\n\t\t\t\t\t\t<section class=\"elementor-section elementor-inner-section elementor-element elementor-element-1905581 elementor-section-boxed elementor-section-height-default elementor-section-height-default\" data-id=\"1905581\" data-element_type=\"section\">\n\t\t\t\t\t\t<div class=\"elementor-container elementor-column-gap-default\">\n\t\t\t\t\t<div class=\"elementor-column elementor-col-50 elementor-inner-column elementor-element elementor-element-c733d7f\" data-id=\"c733d7f\" data-element_type=\"column\">\n\t\t\t<div class=\"elementor-widget-wrap elementor-element-populated\">\n\t\t\t\t\t\t<div class=\"elementor-element elementor-element-3ba421c elementor-widget elementor-widget-image\" data-id=\"3ba421c\" data-element_type=\"widget\" data-widget_type=\"image.default\">\n\t\t\t\t<div class=\"elementor-widget-container\">\n\t\t\t\t\t\t\t\t\t\t\t\t\t<img decoding=\"async\" src=\"https:\/\/www.franckdion.net\/voim2020\/wp-content\/uploads\/2021\/01\/UTD_poster-3.jpg\" title=\"UTD_poster\" alt=\"UTD_poster\" loading=\"lazy\" \/>\t\t\t\t\t\t\t\t\t\t\t\t\t<\/div>\n\t\t\t\t<\/div>\n\t\t\t\t\t<\/div>\n\t\t<\/div>\n\t\t\t\t<div class=\"elementor-column elementor-col-50 elementor-inner-column elementor-element elementor-element-9953d6c\" data-id=\"9953d6c\" data-element_type=\"column\">\n\t\t\t<div class=\"elementor-widget-wrap elementor-element-populated\">\n\t\t\t\t\t\t<div class=\"elementor-element elementor-element-9b33147 elementor-drop-cap-yes elementor-drop-cap-view-default elementor-widget elementor-widget-text-editor\" data-id=\"9b33147\" data-element_type=\"widget\" data-settings=\"{&quot;drop_cap&quot;:&quot;yes&quot;}\" data-widget_type=\"text-editor.default\">\n\t\t\t\t<div class=\"elementor-widget-container\">\n\t\t\t\t\t\t\t<p>Jacqueline n\u2019a plus toute sa t\u00eate mais qu\u2019importe, pour son voyage au bord de la mer, elle a d\u00e9cid\u00e9 de prendre le train toute seule, comme une grande<\/p><p>Voir le film : en <a href=\"https:\/\/vimeo.com\/220424192\" target=\"_blank\" rel=\"noopener\">version Fran\u00e7aise<\/a> \/ <a href=\"https:\/\/vimeo.com\/274347313\" target=\"_blank\" rel=\"noopener\">en version Anglaise<\/a><\/p><p>2016 \/ 10 minutes \/ Papy3d productions &#8211; ONF\/NFB &#8211; ARTE France &#8211; CNC<\/p><p>Sortie en juin 2016, le film a obtenu le cristal du court m\u00e9trage au Festival international du film d&rsquo;animation d&rsquo;Annecy ainsi que de nombreuses autres distinctions. Le film a aussi \u00e9t\u00e9 short list\u00e9 aux Oscars 2016.<\/p>\t\t\t\t\t\t<\/div>\n\t\t\t\t<\/div>\n\t\t\t\t\t<\/div>\n\t\t<\/div>\n\t\t\t\t\t<\/div>\n\t\t<\/section>\n\t\t\t\t\t<\/div>\n\t\t<\/div>\n\t\t\t\t\t<\/div>\n\t\t<\/section>\n\t\t\t\t<section class=\"elementor-section elementor-top-section elementor-element elementor-element-270f513 elementor-section-boxed elementor-section-height-default elementor-section-height-default\" data-id=\"270f513\" data-element_type=\"section\">\n\t\t\t\t\t\t<div class=\"elementor-container elementor-column-gap-default\">\n\t\t\t\t\t<div class=\"elementor-column elementor-col-100 elementor-top-column elementor-element elementor-element-49bc9bb\" data-id=\"49bc9bb\" data-element_type=\"column\">\n\t\t\t<div class=\"elementor-widget-wrap elementor-element-populated\">\n\t\t\t\t\t\t<div class=\"elementor-element elementor-element-6d1b6a0 elementor-widget elementor-widget-text-editor\" data-id=\"6d1b6a0\" data-element_type=\"widget\" data-widget_type=\"text-editor.default\">\n\t\t\t\t<div class=\"elementor-widget-container\">\n\t\t\t\t\t\t\t<p>\u00ab\u00a0Qui \u00eates-vous ?\u00a0\u00bb. Cette phrase anodine prend un tout autre sens quand c\u2019est un parent qui s\u2019adresse \u00e0 son propre enfant. Outre la tristesse et l\u2019angoisse de voir un parent qui s\u2019enfonce dans la maladie, les rep\u00e8res affectifs volent en \u00e9clats, annon\u00e7ant la disparition progressive de l\u2019\u00eatre aim\u00e9. Du point de vue de la personne malade, ses proches changent d\u2019identit\u00e9 ou deviennent des \u00e9trangers. Son univers se modifie, sa perception s\u2019alt\u00e8re au profit de visions m\u00ealant fantasmes, souvenirs et r\u00e9alit\u00e9. Il en d\u00e9coule une relation surr\u00e9aliste, cruelle et parfois violente o\u00f9 s\u2019entrem\u00ealent la farce et la trag\u00e9die.<\/p><p>Cette relation est la toile de fond de ce r\u00e9cit. Entre besoin de \u00ab\u00a0reconnaissance\u00a0\u00bb pour l\u2019une des protagonistes et n\u00e9cessit\u00e9 d\u2019ind\u00e9pendance pour Jacqueline, le personnage principal, le sc\u00e9nario nous place r\u00e9solument du point de vue d\u2019une r\u00e9alit\u00e9 qui s\u2019alt\u00e8re et se d\u00e9lite. En fuyant la compagnie de sa \u00ab\u00a0b\u00e9casse d\u2019accompagnatrice\u00a0\u00bb, Jacqueline tente de pr\u00e9server le peu d\u2019ind\u00e9pendance qui lui reste. Un ultime acte de r\u00e9sistance face \u00e0 une situation o\u00f9 les r\u00f4les s\u2019inversent, quand les enfants deviennent les parents de leurs parents.<\/p><p>Franck Dion<\/p>\t\t\t\t\t\t<\/div>\n\t\t\t\t<\/div>\n\t\t\t\t\t<\/div>\n\t\t<\/div>\n\t\t\t\t\t<\/div>\n\t\t<\/section>\n\t\t\t\t<\/div>\n\t\t","protected":false},"excerpt":{"rendered":"<p>Une t\u00eate dispara\u00eet \/ The head vanishes Jacqueline n\u2019a plus toute sa t\u00eate mais qu\u2019importe, pour son voyage au bord de la mer, elle a d\u00e9cid\u00e9 de prendre le train toute seule, comme une grande Voir le film : en version Fran\u00e7aise \/ en version Anglaise 2016 \/ 10 minutes \/ Papy3d productions &#8211; ONF\/NFB [&hellip;]<\/p>\n","protected":false},"author":1,"featured_media":0,"parent":0,"menu_order":0,"comment_status":"closed","ping_status":"closed","template":"","meta":{"footnotes":""},"class_list":["post-2075","page","type-page","status-publish","hentry"],"yoast_head":"<!-- This site is optimized with the Yoast SEO plugin v22.4 - https:\/\/yoast.com\/wordpress\/plugins\/seo\/ -->\n<title>Une t\u00eate dispara\u00eet \/ The head vanishes - Les voyages imaginaires de Franck Dion<\/title>\n<meta name=\"robots\" content=\"index, follow, max-snippet:-1, max-image-preview:large, max-video-preview:-1\" \/>\n<link rel=\"canonical\" href=\"https:\/\/www.franckdion.net\/voim2020\/une-tete-disparait-the-head-vanishes\/\" \/>\n<meta property=\"og:locale\" content=\"fr_FR\" \/>\n<meta property=\"og:type\" content=\"article\" \/>\n<meta property=\"og:title\" content=\"Une t\u00eate dispara\u00eet \/ The head vanishes - Les voyages imaginaires de Franck Dion\" \/>\n<meta property=\"og:description\" content=\"Une t\u00eate dispara\u00eet \/ The head vanishes Jacqueline n\u2019a plus toute sa t\u00eate mais qu\u2019importe, pour son voyage au bord de la mer, elle a d\u00e9cid\u00e9 de prendre le train toute seule, comme une grande Voir le film : en version Fran\u00e7aise \/ en version Anglaise 2016 \/ 10 minutes \/ Papy3d productions &#8211; ONF\/NFB [&hellip;]\" \/>\n<meta property=\"og:url\" content=\"https:\/\/www.franckdion.net\/voim2020\/une-tete-disparait-the-head-vanishes\/\" \/>\n<meta property=\"og:site_name\" content=\"Les voyages imaginaires de Franck Dion\" \/>\n<meta property=\"article:publisher\" content=\"https:\/\/www.facebook.com\/voimfranckdion\" \/>\n<meta property=\"article:modified_time\" content=\"2024-05-05T13:54:14+00:00\" \/>\n<meta property=\"og:image\" content=\"http:\/\/www.franckdion.net\/voim2020\/wp-content\/uploads\/elementor\/thumbs\/UTD_poster-3-p29jh9atvs110hht9w6uhngwse6mxca0m9brqzq22q.jpg\" \/>\n<meta name=\"twitter:card\" content=\"summary_large_image\" \/>\n<meta name=\"twitter:label1\" content=\"Dur\u00e9e de lecture estim\u00e9e\" \/>\n\t<meta name=\"twitter:data1\" content=\"2 minutes\" \/>\n<script type=\"application\/ld+json\" class=\"yoast-schema-graph\">{\"@context\":\"https:\/\/schema.org\",\"@graph\":[{\"@type\":\"WebPage\",\"@id\":\"https:\/\/www.franckdion.net\/voim2020\/une-tete-disparait-the-head-vanishes\/\",\"url\":\"https:\/\/www.franckdion.net\/voim2020\/une-tete-disparait-the-head-vanishes\/\",\"name\":\"Une t\u00eate dispara\u00eet \/ The head vanishes - Les voyages imaginaires de Franck Dion\",\"isPartOf\":{\"@id\":\"https:\/\/www.franckdion.net\/voim2020\/#website\"},\"primaryImageOfPage\":{\"@id\":\"https:\/\/www.franckdion.net\/voim2020\/une-tete-disparait-the-head-vanishes\/#primaryimage\"},\"image\":{\"@id\":\"https:\/\/www.franckdion.net\/voim2020\/une-tete-disparait-the-head-vanishes\/#primaryimage\"},\"thumbnailUrl\":\"http:\/\/www.franckdion.net\/voim2020\/wp-content\/uploads\/elementor\/thumbs\/UTD_poster-3-p29jh9atvs110hht9w6uhngwse6mxca0m9brqzq22q.jpg\",\"datePublished\":\"2024-05-05T13:25:10+00:00\",\"dateModified\":\"2024-05-05T13:54:14+00:00\",\"breadcrumb\":{\"@id\":\"https:\/\/www.franckdion.net\/voim2020\/une-tete-disparait-the-head-vanishes\/#breadcrumb\"},\"inLanguage\":\"fr-FR\",\"potentialAction\":[{\"@type\":\"ReadAction\",\"target\":[\"https:\/\/www.franckdion.net\/voim2020\/une-tete-disparait-the-head-vanishes\/\"]}]},{\"@type\":\"ImageObject\",\"inLanguage\":\"fr-FR\",\"@id\":\"https:\/\/www.franckdion.net\/voim2020\/une-tete-disparait-the-head-vanishes\/#primaryimage\",\"url\":\"http:\/\/www.franckdion.net\/voim2020\/wp-content\/uploads\/elementor\/thumbs\/UTD_poster-3-p29jh9atvs110hht9w6uhngwse6mxca0m9brqzq22q.jpg\",\"contentUrl\":\"http:\/\/www.franckdion.net\/voim2020\/wp-content\/uploads\/elementor\/thumbs\/UTD_poster-3-p29jh9atvs110hht9w6uhngwse6mxca0m9brqzq22q.jpg\"},{\"@type\":\"BreadcrumbList\",\"@id\":\"https:\/\/www.franckdion.net\/voim2020\/une-tete-disparait-the-head-vanishes\/#breadcrumb\",\"itemListElement\":[{\"@type\":\"ListItem\",\"position\":1,\"name\":\"Accueil\",\"item\":\"https:\/\/www.franckdion.net\/voim2020\/\"},{\"@type\":\"ListItem\",\"position\":2,\"name\":\"Une t\u00eate dispara\u00eet \/ The head vanishes\"}]},{\"@type\":\"WebSite\",\"@id\":\"https:\/\/www.franckdion.net\/voim2020\/#website\",\"url\":\"https:\/\/www.franckdion.net\/voim2020\/\",\"name\":\"Les voyages imaginaires de Franck Dion\",\"description\":\"R\u00e9alisateur, Illustrateur, Touriste immobile\",\"potentialAction\":[{\"@type\":\"SearchAction\",\"target\":{\"@type\":\"EntryPoint\",\"urlTemplate\":\"https:\/\/www.franckdion.net\/voim2020\/?s={search_term_string}\"},\"query-input\":\"required name=search_term_string\"}],\"inLanguage\":\"fr-FR\"}]}<\/script>\n<!-- \/ Yoast SEO plugin. -->","yoast_head_json":{"title":"Une t\u00eate dispara\u00eet \/ The head vanishes - Les voyages imaginaires de Franck Dion","robots":{"index":"index","follow":"follow","max-snippet":"max-snippet:-1","max-image-preview":"max-image-preview:large","max-video-preview":"max-video-preview:-1"},"canonical":"https:\/\/www.franckdion.net\/voim2020\/une-tete-disparait-the-head-vanishes\/","og_locale":"fr_FR","og_type":"article","og_title":"Une t\u00eate dispara\u00eet \/ The head vanishes - Les voyages imaginaires de Franck Dion","og_description":"Une t\u00eate dispara\u00eet \/ The head vanishes Jacqueline n\u2019a plus toute sa t\u00eate mais qu\u2019importe, pour son voyage au bord de la mer, elle a d\u00e9cid\u00e9 de prendre le train toute seule, comme une grande Voir le film : en version Fran\u00e7aise \/ en version Anglaise 2016 \/ 10 minutes \/ Papy3d productions &#8211; ONF\/NFB [&hellip;]","og_url":"https:\/\/www.franckdion.net\/voim2020\/une-tete-disparait-the-head-vanishes\/","og_site_name":"Les voyages imaginaires de Franck Dion","article_publisher":"https:\/\/www.facebook.com\/voimfranckdion","article_modified_time":"2024-05-05T13:54:14+00:00","og_image":[{"url":"http:\/\/www.franckdion.net\/voim2020\/wp-content\/uploads\/elementor\/thumbs\/UTD_poster-3-p29jh9atvs110hht9w6uhngwse6mxca0m9brqzq22q.jpg"}],"twitter_card":"summary_large_image","twitter_misc":{"Dur\u00e9e de lecture estim\u00e9e":"2 minutes"},"schema":{"@context":"https:\/\/schema.org","@graph":[{"@type":"WebPage","@id":"https:\/\/www.franckdion.net\/voim2020\/une-tete-disparait-the-head-vanishes\/","url":"https:\/\/www.franckdion.net\/voim2020\/une-tete-disparait-the-head-vanishes\/","name":"Une t\u00eate dispara\u00eet \/ The head vanishes - Les voyages imaginaires de Franck Dion","isPartOf":{"@id":"https:\/\/www.franckdion.net\/voim2020\/#website"},"primaryImageOfPage":{"@id":"https:\/\/www.franckdion.net\/voim2020\/une-tete-disparait-the-head-vanishes\/#primaryimage"},"image":{"@id":"https:\/\/www.franckdion.net\/voim2020\/une-tete-disparait-the-head-vanishes\/#primaryimage"},"thumbnailUrl":"http:\/\/www.franckdion.net\/voim2020\/wp-content\/uploads\/elementor\/thumbs\/UTD_poster-3-p29jh9atvs110hht9w6uhngwse6mxca0m9brqzq22q.jpg","datePublished":"2024-05-05T13:25:10+00:00","dateModified":"2024-05-05T13:54:14+00:00","breadcrumb":{"@id":"https:\/\/www.franckdion.net\/voim2020\/une-tete-disparait-the-head-vanishes\/#breadcrumb"},"inLanguage":"fr-FR","potentialAction":[{"@type":"ReadAction","target":["https:\/\/www.franckdion.net\/voim2020\/une-tete-disparait-the-head-vanishes\/"]}]},{"@type":"ImageObject","inLanguage":"fr-FR","@id":"https:\/\/www.franckdion.net\/voim2020\/une-tete-disparait-the-head-vanishes\/#primaryimage","url":"http:\/\/www.franckdion.net\/voim2020\/wp-content\/uploads\/elementor\/thumbs\/UTD_poster-3-p29jh9atvs110hht9w6uhngwse6mxca0m9brqzq22q.jpg","contentUrl":"http:\/\/www.franckdion.net\/voim2020\/wp-content\/uploads\/elementor\/thumbs\/UTD_poster-3-p29jh9atvs110hht9w6uhngwse6mxca0m9brqzq22q.jpg"},{"@type":"BreadcrumbList","@id":"https:\/\/www.franckdion.net\/voim2020\/une-tete-disparait-the-head-vanishes\/#breadcrumb","itemListElement":[{"@type":"ListItem","position":1,"name":"Accueil","item":"https:\/\/www.franckdion.net\/voim2020\/"},{"@type":"ListItem","position":2,"name":"Une t\u00eate dispara\u00eet \/ The head vanishes"}]},{"@type":"WebSite","@id":"https:\/\/www.franckdion.net\/voim2020\/#website","url":"https:\/\/www.franckdion.net\/voim2020\/","name":"Les voyages imaginaires de Franck Dion","description":"R\u00e9alisateur, Illustrateur, Touriste immobile","potentialAction":[{"@type":"SearchAction","target":{"@type":"EntryPoint","urlTemplate":"https:\/\/www.franckdion.net\/voim2020\/?s={search_term_string}"},"query-input":"required name=search_term_string"}],"inLanguage":"fr-FR"}]}},"_links":{"self":[{"href":"https:\/\/www.franckdion.net\/voim2020\/wp-json\/wp\/v2\/pages\/2075","targetHints":{"allow":["GET"]}}],"collection":[{"href":"https:\/\/www.franckdion.net\/voim2020\/wp-json\/wp\/v2\/pages"}],"about":[{"href":"https:\/\/www.franckdion.net\/voim2020\/wp-json\/wp\/v2\/types\/page"}],"author":[{"embeddable":true,"href":"https:\/\/www.franckdion.net\/voim2020\/wp-json\/wp\/v2\/users\/1"}],"replies":[{"embeddable":true,"href":"https:\/\/www.franckdion.net\/voim2020\/wp-json\/wp\/v2\/comments?post=2075"}],"version-history":[{"count":6,"href":"https:\/\/www.franckdion.net\/voim2020\/wp-json\/wp\/v2\/pages\/2075\/revisions"}],"predecessor-version":[{"id":2173,"href":"https:\/\/www.franckdion.net\/voim2020\/wp-json\/wp\/v2\/pages\/2075\/revisions\/2173"}],"wp:attachment":[{"href":"https:\/\/www.franckdion.net\/voim2020\/wp-json\/wp\/v2\/media?parent=2075"}],"curies":[{"name":"wp","href":"https:\/\/api.w.org\/{rel}","templated":true}]}}