{"id":2106,"date":"2024-05-05T15:15:19","date_gmt":"2024-05-05T13:15:19","guid":{"rendered":"https:\/\/www.franckdion.net\/voim2020\/?page_id=2106"},"modified":"2024-05-05T15:49:23","modified_gmt":"2024-05-05T13:49:23","slug":"franck-qui","status":"publish","type":"page","link":"https:\/\/www.franckdion.net\/voim2020\/franck-qui\/","title":{"rendered":"Franck qui ?"},"content":{"rendered":"\t\t<div data-elementor-type=\"wp-page\" data-elementor-id=\"2106\" class=\"elementor elementor-2106\" data-elementor-post-type=\"page\">\n\t\t\t\t\t\t<section class=\"elementor-section elementor-top-section elementor-element elementor-element-5b349f5 elementor-section-boxed elementor-section-height-default elementor-section-height-default\" data-id=\"5b349f5\" data-element_type=\"section\">\n\t\t\t\t\t\t<div class=\"elementor-container elementor-column-gap-default\">\n\t\t\t\t\t<div class=\"elementor-column elementor-col-100 elementor-top-column elementor-element elementor-element-0dc75ba\" data-id=\"0dc75ba\" data-element_type=\"column\">\n\t\t\t<div class=\"elementor-widget-wrap elementor-element-populated\">\n\t\t\t\t\t\t<div class=\"elementor-element elementor-element-e0f939b elementor-widget-divider--view-line elementor-widget elementor-widget-divider\" data-id=\"e0f939b\" data-element_type=\"widget\" data-widget_type=\"divider.default\">\n\t\t\t\t<div class=\"elementor-widget-container\">\n\t\t\t\t\t<div class=\"elementor-divider\">\n\t\t\t<span class=\"elementor-divider-separator\">\n\t\t\t\t\t\t<\/span>\n\t\t<\/div>\n\t\t\t\t<\/div>\n\t\t\t\t<\/div>\n\t\t\t\t<div class=\"elementor-element elementor-element-61771d1 elementor-widget elementor-widget-heading\" data-id=\"61771d1\" data-element_type=\"widget\" data-widget_type=\"heading.default\">\n\t\t\t\t<div class=\"elementor-widget-container\">\n\t\t\t<h4 class=\"elementor-heading-title elementor-size-default\">bio & contact<\/h4>\t\t<\/div>\n\t\t\t\t<\/div>\n\t\t\t\t<div class=\"elementor-element elementor-element-50b29da elementor-widget-divider--view-line elementor-widget elementor-widget-divider\" data-id=\"50b29da\" data-element_type=\"widget\" data-widget_type=\"divider.default\">\n\t\t\t\t<div class=\"elementor-widget-container\">\n\t\t\t\t\t<div class=\"elementor-divider\">\n\t\t\t<span class=\"elementor-divider-separator\">\n\t\t\t\t\t\t<\/span>\n\t\t<\/div>\n\t\t\t\t<\/div>\n\t\t\t\t<\/div>\n\t\t\t\t\t<\/div>\n\t\t<\/div>\n\t\t\t\t\t<\/div>\n\t\t<\/section>\n\t\t\t\t<section class=\"elementor-section elementor-top-section elementor-element elementor-element-c94fa01 elementor-section-boxed elementor-section-height-default elementor-section-height-default\" data-id=\"c94fa01\" data-element_type=\"section\">\n\t\t\t\t\t\t<div class=\"elementor-container elementor-column-gap-default\">\n\t\t\t\t\t<div class=\"elementor-column elementor-col-100 elementor-top-column elementor-element elementor-element-33f9bea\" data-id=\"33f9bea\" data-element_type=\"column\">\n\t\t\t<div class=\"elementor-widget-wrap elementor-element-populated\">\n\t\t\t\t\t\t<div class=\"elementor-element elementor-element-6bc0cd2 elementor-widget elementor-widget-image\" data-id=\"6bc0cd2\" data-element_type=\"widget\" data-widget_type=\"image.default\">\n\t\t\t\t<div class=\"elementor-widget-container\">\n\t\t\t\t\t\t\t\t\t\t\t\t\t<img fetchpriority=\"high\" decoding=\"async\" width=\"500\" height=\"543\" src=\"https:\/\/www.franckdion.net\/voim2020\/wp-content\/uploads\/2021\/02\/mouettes_index.gif\" class=\"attachment-full size-full wp-image-1051\" alt=\"\" \/>\t\t\t\t\t\t\t\t\t\t\t\t\t<\/div>\n\t\t\t\t<\/div>\n\t\t\t\t<section class=\"elementor-section elementor-inner-section elementor-element elementor-element-7cdb5c4 elementor-section-boxed elementor-section-height-default elementor-section-height-default\" data-id=\"7cdb5c4\" data-element_type=\"section\">\n\t\t\t\t\t\t<div class=\"elementor-container elementor-column-gap-default\">\n\t\t\t\t\t<div class=\"elementor-column elementor-col-50 elementor-inner-column elementor-element elementor-element-15efa20\" data-id=\"15efa20\" data-element_type=\"column\">\n\t\t\t<div class=\"elementor-widget-wrap elementor-element-populated\">\n\t\t\t\t\t\t<div class=\"elementor-element elementor-element-dd90b16 elementor-drop-cap-yes elementor-drop-cap-view-default elementor-widget elementor-widget-text-editor\" data-id=\"dd90b16\" data-element_type=\"widget\" data-settings=\"{&quot;drop_cap&quot;:&quot;yes&quot;}\" data-widget_type=\"text-editor.default\">\n\t\t\t\t<div class=\"elementor-widget-container\">\n\t\t\t\t\t\t\t<p>Franck Dion a exerc\u00e9 son activit\u00e9 dans plusieurs domaines. Apr\u00e8s une formation de com\u00e9dien, il se forme en autodidacte \u00e0 la sculpture, au dessin et \u00e0 la peinture. Il collabore avec des maisons d&rsquo;\u00e9dition, des magazines, r\u00e9alise des d\u00e9cors pour le th\u00e9\u00e2tre et con\u00e7oit aussi des animations pour des documentaires. En 2003, Franck r\u00e9alise L&rsquo;inventaire fant\u00f4me, son premier court m\u00e9trage produit par Didier Brunner qui obtient, l&rsquo;ann\u00e9e suivante, le prix du jury Junior Canal J au Festival d&rsquo;Annecy ainsi qu&rsquo;une nomination au Cartoon d&rsquo;or. Avec quelques amis, Il fonde en 2006 la soci\u00e9t\u00e9 de productions PAPY3D. En 2008, il r\u00e9alise son deuxi\u00e8me film, Monsieur COK, qui est largement diffus\u00e9 dans les festivals du monde entier, dont le SUNDANCE FILM FESTIVAL et re\u00e7oit plusieurs distinctions.<br \/>Son court m\u00e9trage Edmond \u00e9tait un \u00e2ne produit par Papy3d, l&rsquo;ONF et ARTE a obtenu, entre autres distinctions, le prix sp\u00e9cial du jury au festival d&rsquo;Annecy 2012, le prix du meilleur film international au Shortshorts festival de Tokyo ainsi qu\u2019une nomination au Cartoon d\u2019or et aux C\u00e9sars 2013 dans la cat\u00e9gorie meilleur film d\u2019animation.<br \/>Son quatri\u00e8me film, Une t\u00eate dispara\u00eet, remporte le cristal du court m\u00e9trage au festival international du film d&rsquo;animation d&rsquo;Annecy 2016 ainsi qu&rsquo;une vingtaine de prix internationaux parmi lesquels le prix du jury au festival de Palm Spring ou encore le grand prix du court m\u00e9trage du festival de Miami. Le film est \u00e9galement shortlist\u00e9 par l&rsquo;acad\u00e9mie des Oscars.<br \/>Il a \u00e9galement r\u00e9alis\u00e9 l&rsquo;univers graphique de la fiction num\u00e9rique ALIENARE (Seuil \u00e9ditions) en collaboration avec Chlo\u00e9 Delaume ainsi que les Illustrations du jeu de soci\u00e9t\u00e9 DIXIT DAYDREAMS (Libelud \u00e9ditions).<\/p>\t\t\t\t\t\t<\/div>\n\t\t\t\t<\/div>\n\t\t\t\t\t<\/div>\n\t\t<\/div>\n\t\t\t\t<div class=\"elementor-column elementor-col-50 elementor-inner-column elementor-element elementor-element-40173b1\" data-id=\"40173b1\" data-element_type=\"column\">\n\t\t\t<div class=\"elementor-widget-wrap elementor-element-populated\">\n\t\t\t\t\t\t<div class=\"elementor-element elementor-element-d1217e9 elementor-widget elementor-widget-text-editor\" data-id=\"d1217e9\" data-element_type=\"widget\" data-widget_type=\"text-editor.default\">\n\t\t\t\t<div class=\"elementor-widget-container\">\n\t\t\t\t\t\t\t<p>Pour me contacter<\/p>\t\t\t\t\t\t<\/div>\n\t\t\t\t<\/div>\n\t\t\t\t<div class=\"elementor-element elementor-element-1261dd0 elementor-button-align-start elementor-widget elementor-widget-form\" data-id=\"1261dd0\" data-element_type=\"widget\" data-settings=\"{&quot;step_next_label&quot;:&quot;Next&quot;,&quot;step_previous_label&quot;:&quot;Previous&quot;,&quot;button_width&quot;:&quot;50&quot;,&quot;step_type&quot;:&quot;number_text&quot;,&quot;step_icon_shape&quot;:&quot;circle&quot;}\" data-widget_type=\"form.default\">\n\t\t\t\t<div class=\"elementor-widget-container\">\n\t\t\t\t\t<form class=\"elementor-form\" method=\"post\" id=\"voim_2021\" name=\"New Form\">\n\t\t\t<input type=\"hidden\" name=\"post_id\" value=\"2106\"\/>\n\t\t\t<input type=\"hidden\" name=\"form_id\" value=\"1261dd0\"\/>\n\t\t\t<input type=\"hidden\" name=\"referer_title\" value=\"Les voyages imaginaires de Franck Dion\" \/>\n\n\t\t\t\n\t\t\t<div class=\"elementor-form-fields-wrapper elementor-labels-above\">\n\t\t\t\t\t\t\t\t<div class=\"elementor-field-type-text elementor-field-group elementor-column elementor-field-group-name elementor-col-100 elementor-field-required elementor-mark-required\">\n\t\t\t\t\t\t\t\t\t\t\t\t<label for=\"form-field-name\" class=\"elementor-field-label\">\n\t\t\t\t\t\t\t\tName\t\t\t\t\t\t\t<\/label>\n\t\t\t\t\t\t\t\t\t\t\t\t\t\t<input size=\"1\" type=\"text\" name=\"form_fields[name]\" id=\"form-field-name\" class=\"elementor-field elementor-size-sm  elementor-field-textual\" placeholder=\"Name\" required=\"required\" aria-required=\"true\">\n\t\t\t\t\t\t\t\t\t\t\t<\/div>\n\t\t\t\t\t\t\t\t<div class=\"elementor-field-type-email elementor-field-group elementor-column elementor-field-group-email elementor-col-100 elementor-field-required elementor-mark-required\">\n\t\t\t\t\t\t\t\t\t\t\t\t<label for=\"form-field-email\" class=\"elementor-field-label\">\n\t\t\t\t\t\t\t\tEmail\t\t\t\t\t\t\t<\/label>\n\t\t\t\t\t\t\t\t\t\t\t\t\t\t<input size=\"1\" type=\"email\" name=\"form_fields[email]\" id=\"form-field-email\" class=\"elementor-field elementor-size-sm  elementor-field-textual\" placeholder=\"Email\" required=\"required\" aria-required=\"true\">\n\t\t\t\t\t\t\t\t\t\t\t<\/div>\n\t\t\t\t\t\t\t\t<div class=\"elementor-field-type-textarea elementor-field-group elementor-column elementor-field-group-message elementor-col-100 elementor-field-required elementor-mark-required\">\n\t\t\t\t\t\t\t\t\t\t\t\t<label for=\"form-field-message\" class=\"elementor-field-label\">\n\t\t\t\t\t\t\t\tMessage\t\t\t\t\t\t\t<\/label>\n\t\t\t\t\t\t<textarea class=\"elementor-field-textual elementor-field  elementor-size-sm\" name=\"form_fields[message]\" id=\"form-field-message\" rows=\"4\" placeholder=\"Message\" required=\"required\" aria-required=\"true\"><\/textarea>\t\t\t\t<\/div>\n\t\t\t\t\t\t\t\t<div class=\"elementor-field-group elementor-column elementor-field-type-submit elementor-col-50 e-form__buttons\">\n\t\t\t\t\t<button type=\"submit\" class=\"elementor-button elementor-size-sm\">\n\t\t\t\t\t\t<span >\n\t\t\t\t\t\t\t\t\t\t\t\t\t\t\t<span class=\" elementor-button-icon\">\n\t\t\t\t\t\t\t\t\t\t\t\t\t\t\t\t\t\t\t\t\t\t\t\t\t\t<\/span>\n\t\t\t\t\t\t\t\t\t\t\t\t\t\t\t\t\t\t\t\t\t\t<span class=\"elementor-button-text\">envoyer<\/span>\n\t\t\t\t\t\t\t\t\t\t\t\t\t<\/span>\n\t\t\t\t\t<\/button>\n\t\t\t\t<\/div>\n\t\t\t<\/div>\n\t\t<\/form>\n\t\t\t\t<\/div>\n\t\t\t\t<\/div>\n\t\t\t\t\t<\/div>\n\t\t<\/div>\n\t\t\t\t\t<\/div>\n\t\t<\/section>\n\t\t\t\t\t<\/div>\n\t\t<\/div>\n\t\t\t\t\t<\/div>\n\t\t<\/section>\n\t\t\t\t<\/div>\n\t\t","protected":false},"excerpt":{"rendered":"<p>bio &amp; contact Franck Dion a exerc\u00e9 son activit\u00e9 dans plusieurs domaines. Apr\u00e8s une formation de com\u00e9dien, il se forme en autodidacte \u00e0 la sculpture, au dessin et \u00e0 la peinture. Il collabore avec des maisons d&rsquo;\u00e9dition, des magazines, r\u00e9alise des d\u00e9cors pour le th\u00e9\u00e2tre et con\u00e7oit aussi des animations pour des documentaires. En 2003, [&hellip;]<\/p>\n","protected":false},"author":1,"featured_media":0,"parent":0,"menu_order":0,"comment_status":"closed","ping_status":"closed","template":"","meta":{"footnotes":""},"class_list":["post-2106","page","type-page","status-publish","hentry"],"yoast_head":"<!-- This site is optimized with the Yoast SEO plugin v22.4 - https:\/\/yoast.com\/wordpress\/plugins\/seo\/ -->\n<title>Franck qui ? - Les voyages imaginaires de Franck Dion<\/title>\n<meta name=\"robots\" content=\"index, follow, max-snippet:-1, max-image-preview:large, max-video-preview:-1\" \/>\n<link rel=\"canonical\" href=\"http:\/\/www.franckdion.net\/voim2020\/franck-qui\/\" \/>\n<meta property=\"og:locale\" content=\"fr_FR\" \/>\n<meta property=\"og:type\" content=\"article\" \/>\n<meta property=\"og:title\" content=\"Franck qui ? - Les voyages imaginaires de Franck Dion\" \/>\n<meta property=\"og:description\" content=\"bio &amp; contact Franck Dion a exerc\u00e9 son activit\u00e9 dans plusieurs domaines. Apr\u00e8s une formation de com\u00e9dien, il se forme en autodidacte \u00e0 la sculpture, au dessin et \u00e0 la peinture. Il collabore avec des maisons d&rsquo;\u00e9dition, des magazines, r\u00e9alise des d\u00e9cors pour le th\u00e9\u00e2tre et con\u00e7oit aussi des animations pour des documentaires. En 2003, [&hellip;]\" \/>\n<meta property=\"og:url\" content=\"http:\/\/www.franckdion.net\/voim2020\/franck-qui\/\" \/>\n<meta property=\"og:site_name\" content=\"Les voyages imaginaires de Franck Dion\" \/>\n<meta property=\"article:publisher\" content=\"https:\/\/www.facebook.com\/voimfranckdion\" \/>\n<meta property=\"article:modified_time\" content=\"2024-05-05T13:49:23+00:00\" \/>\n<meta property=\"og:image\" content=\"http:\/\/www.franckdion.net\/voim2020\/wp-content\/uploads\/2021\/02\/mouettes_index.gif\" \/>\n<meta name=\"twitter:card\" content=\"summary_large_image\" \/>\n<meta name=\"twitter:label1\" content=\"Dur\u00e9e de lecture estim\u00e9e\" \/>\n\t<meta name=\"twitter:data1\" content=\"2 minutes\" \/>\n<script type=\"application\/ld+json\" class=\"yoast-schema-graph\">{\"@context\":\"https:\/\/schema.org\",\"@graph\":[{\"@type\":\"WebPage\",\"@id\":\"http:\/\/www.franckdion.net\/voim2020\/franck-qui\/\",\"url\":\"http:\/\/www.franckdion.net\/voim2020\/franck-qui\/\",\"name\":\"Franck qui ? - Les voyages imaginaires de Franck Dion\",\"isPartOf\":{\"@id\":\"https:\/\/www.franckdion.net\/voim2020\/#website\"},\"primaryImageOfPage\":{\"@id\":\"http:\/\/www.franckdion.net\/voim2020\/franck-qui\/#primaryimage\"},\"image\":{\"@id\":\"http:\/\/www.franckdion.net\/voim2020\/franck-qui\/#primaryimage\"},\"thumbnailUrl\":\"http:\/\/www.franckdion.net\/voim2020\/wp-content\/uploads\/2021\/02\/mouettes_index.gif\",\"datePublished\":\"2024-05-05T13:15:19+00:00\",\"dateModified\":\"2024-05-05T13:49:23+00:00\",\"breadcrumb\":{\"@id\":\"http:\/\/www.franckdion.net\/voim2020\/franck-qui\/#breadcrumb\"},\"inLanguage\":\"fr-FR\",\"potentialAction\":[{\"@type\":\"ReadAction\",\"target\":[\"http:\/\/www.franckdion.net\/voim2020\/franck-qui\/\"]}]},{\"@type\":\"ImageObject\",\"inLanguage\":\"fr-FR\",\"@id\":\"http:\/\/www.franckdion.net\/voim2020\/franck-qui\/#primaryimage\",\"url\":\"http:\/\/www.franckdion.net\/voim2020\/wp-content\/uploads\/2021\/02\/mouettes_index.gif\",\"contentUrl\":\"http:\/\/www.franckdion.net\/voim2020\/wp-content\/uploads\/2021\/02\/mouettes_index.gif\"},{\"@type\":\"BreadcrumbList\",\"@id\":\"http:\/\/www.franckdion.net\/voim2020\/franck-qui\/#breadcrumb\",\"itemListElement\":[{\"@type\":\"ListItem\",\"position\":1,\"name\":\"Accueil\",\"item\":\"http:\/\/www.franckdion.net\/voim2020\/\"},{\"@type\":\"ListItem\",\"position\":2,\"name\":\"Franck qui ?\"}]},{\"@type\":\"WebSite\",\"@id\":\"https:\/\/www.franckdion.net\/voim2020\/#website\",\"url\":\"https:\/\/www.franckdion.net\/voim2020\/\",\"name\":\"Les voyages imaginaires de Franck Dion\",\"description\":\"R\u00e9alisateur, Illustrateur, Touriste immobile\",\"potentialAction\":[{\"@type\":\"SearchAction\",\"target\":{\"@type\":\"EntryPoint\",\"urlTemplate\":\"https:\/\/www.franckdion.net\/voim2020\/?s={search_term_string}\"},\"query-input\":\"required name=search_term_string\"}],\"inLanguage\":\"fr-FR\"}]}<\/script>\n<!-- \/ Yoast SEO plugin. -->","yoast_head_json":{"title":"Franck qui ? - Les voyages imaginaires de Franck Dion","robots":{"index":"index","follow":"follow","max-snippet":"max-snippet:-1","max-image-preview":"max-image-preview:large","max-video-preview":"max-video-preview:-1"},"canonical":"http:\/\/www.franckdion.net\/voim2020\/franck-qui\/","og_locale":"fr_FR","og_type":"article","og_title":"Franck qui ? - Les voyages imaginaires de Franck Dion","og_description":"bio &amp; contact Franck Dion a exerc\u00e9 son activit\u00e9 dans plusieurs domaines. Apr\u00e8s une formation de com\u00e9dien, il se forme en autodidacte \u00e0 la sculpture, au dessin et \u00e0 la peinture. Il collabore avec des maisons d&rsquo;\u00e9dition, des magazines, r\u00e9alise des d\u00e9cors pour le th\u00e9\u00e2tre et con\u00e7oit aussi des animations pour des documentaires. En 2003, [&hellip;]","og_url":"http:\/\/www.franckdion.net\/voim2020\/franck-qui\/","og_site_name":"Les voyages imaginaires de Franck Dion","article_publisher":"https:\/\/www.facebook.com\/voimfranckdion","article_modified_time":"2024-05-05T13:49:23+00:00","og_image":[{"url":"http:\/\/www.franckdion.net\/voim2020\/wp-content\/uploads\/2021\/02\/mouettes_index.gif"}],"twitter_card":"summary_large_image","twitter_misc":{"Dur\u00e9e de lecture estim\u00e9e":"2 minutes"},"schema":{"@context":"https:\/\/schema.org","@graph":[{"@type":"WebPage","@id":"http:\/\/www.franckdion.net\/voim2020\/franck-qui\/","url":"http:\/\/www.franckdion.net\/voim2020\/franck-qui\/","name":"Franck qui ? - Les voyages imaginaires de Franck Dion","isPartOf":{"@id":"https:\/\/www.franckdion.net\/voim2020\/#website"},"primaryImageOfPage":{"@id":"http:\/\/www.franckdion.net\/voim2020\/franck-qui\/#primaryimage"},"image":{"@id":"http:\/\/www.franckdion.net\/voim2020\/franck-qui\/#primaryimage"},"thumbnailUrl":"http:\/\/www.franckdion.net\/voim2020\/wp-content\/uploads\/2021\/02\/mouettes_index.gif","datePublished":"2024-05-05T13:15:19+00:00","dateModified":"2024-05-05T13:49:23+00:00","breadcrumb":{"@id":"http:\/\/www.franckdion.net\/voim2020\/franck-qui\/#breadcrumb"},"inLanguage":"fr-FR","potentialAction":[{"@type":"ReadAction","target":["http:\/\/www.franckdion.net\/voim2020\/franck-qui\/"]}]},{"@type":"ImageObject","inLanguage":"fr-FR","@id":"http:\/\/www.franckdion.net\/voim2020\/franck-qui\/#primaryimage","url":"http:\/\/www.franckdion.net\/voim2020\/wp-content\/uploads\/2021\/02\/mouettes_index.gif","contentUrl":"http:\/\/www.franckdion.net\/voim2020\/wp-content\/uploads\/2021\/02\/mouettes_index.gif"},{"@type":"BreadcrumbList","@id":"http:\/\/www.franckdion.net\/voim2020\/franck-qui\/#breadcrumb","itemListElement":[{"@type":"ListItem","position":1,"name":"Accueil","item":"http:\/\/www.franckdion.net\/voim2020\/"},{"@type":"ListItem","position":2,"name":"Franck qui ?"}]},{"@type":"WebSite","@id":"https:\/\/www.franckdion.net\/voim2020\/#website","url":"https:\/\/www.franckdion.net\/voim2020\/","name":"Les voyages imaginaires de Franck Dion","description":"R\u00e9alisateur, Illustrateur, Touriste immobile","potentialAction":[{"@type":"SearchAction","target":{"@type":"EntryPoint","urlTemplate":"https:\/\/www.franckdion.net\/voim2020\/?s={search_term_string}"},"query-input":"required name=search_term_string"}],"inLanguage":"fr-FR"}]}},"_links":{"self":[{"href":"https:\/\/www.franckdion.net\/voim2020\/wp-json\/wp\/v2\/pages\/2106","targetHints":{"allow":["GET"]}}],"collection":[{"href":"https:\/\/www.franckdion.net\/voim2020\/wp-json\/wp\/v2\/pages"}],"about":[{"href":"https:\/\/www.franckdion.net\/voim2020\/wp-json\/wp\/v2\/types\/page"}],"author":[{"embeddable":true,"href":"https:\/\/www.franckdion.net\/voim2020\/wp-json\/wp\/v2\/users\/1"}],"replies":[{"embeddable":true,"href":"https:\/\/www.franckdion.net\/voim2020\/wp-json\/wp\/v2\/comments?post=2106"}],"version-history":[{"count":8,"href":"https:\/\/www.franckdion.net\/voim2020\/wp-json\/wp\/v2\/pages\/2106\/revisions"}],"predecessor-version":[{"id":2291,"href":"https:\/\/www.franckdion.net\/voim2020\/wp-json\/wp\/v2\/pages\/2106\/revisions\/2291"}],"wp:attachment":[{"href":"https:\/\/www.franckdion.net\/voim2020\/wp-json\/wp\/v2\/media?parent=2106"}],"curies":[{"name":"wp","href":"https:\/\/api.w.org\/{rel}","templated":true}]}}